{"id":19290,"date":"2026-03-03T10:11:06","date_gmt":"2026-03-03T10:11:06","guid":{"rendered":"https:\/\/www.f5tci.com\/?page_id=19290"},"modified":"2026-03-03T10:11:06","modified_gmt":"2026-03-03T10:11:06","slug":"copilot-azure-ai","status":"publish","type":"page","link":"https:\/\/f5tci.com\/en\/copilot-azure-ai\/","title":{"rendered":"Copilot &#038; Azure AI"},"content":{"rendered":"<div  class=\"vc_row wpb_row vc_row-fluid\"><div class=\"wpb_column vc_column_container vc_col-sm-12\"><div class=\"vc_column-inner\"><div class=\"wpb_wrapper\"><div  class =\"integrio_module_spacing\"><div class=\"spacing_size spacing_size-initial\" style=\"height:60px;\"><\/div><\/div>  \n<\/div><\/div><\/div><\/div><div  class=\"vc_row wpb_row vc_row-fluid\"><div class=\"wpb_column vc_column_container vc_col-sm-6\"><div class=\"vc_column-inner\"><div class=\"wpb_wrapper\"><div  class =\"integrio_module_spacing\"><div class=\"spacing_size spacing_size-initial\" style=\"height:70px;\"><\/div><\/div>  \n<div id=\"integrio_dbl_69de5666470a6\" class=\"integrio_module_double_headings aleft\"><div class=\"heading_title\"  style=\"font-size:42px; line-height:1.238; color:#1884a5; \"><h2>AI-Powered Business<\/h2><\/div><\/div>  \n<div  class =\"integrio_module_spacing\"><div class=\"spacing_size spacing_size-initial\" style=\"height:30px;\"><\/div><\/div>  \n\n\t<div class=\"wpb_text_column wpb_content_element\" >\n\t\t<div class=\"wpb_wrapper\">\n\t\t\t<p class=\"translation-block\"><strong>Microsoft<\/strong> offers a <strong>comprehensive AI ecosystem<\/strong>, ranging from ready-to-use Copilots to highly customized agents built with Copilot Studio and Azure AI. This approach enables secure, scalable, and business-tailored solutions that accelerate digital transformation and boost team productivity.<\/p>\n\n\t\t<\/div>\n\t<\/div>\n<\/div><\/div><\/div><div class=\"wpb_column vc_column_container vc_col-sm-6\"><div class=\"vc_column-inner\"><div class=\"wpb_wrapper\"><div  class =\"integrio_module_spacing\"><div class=\"spacing_size spacing_size-initial\" style=\"height:30px;\"><\/div><\/div>  \n\n\t<div class=\"wpb_video_widget wpb_content_element vc_clearfix   vc_video-aspect-ratio-169 vc_video-el-width-100 vc_video-align-right\" >\n\t\t<div class=\"wpb_wrapper\">\n\t\t\t\n\t\t\t<div class=\"wpb_video_wrapper\"><iframe loading=\"lazy\" title=\"What are Microsoft 365 Copilot agents and how to use them | Microsoft\" width=\"500\" height=\"281\" src=\"https:\/\/www.youtube.com\/embed\/HhoBVKs66Ds?feature=oembed\" frameborder=\"0\" allow=\"accelerometer; autoplay; clipboard-write; encrypted-media; gyroscope; picture-in-picture; web-share\" referrerpolicy=\"strict-origin-when-cross-origin\" allowfullscreen><\/iframe><\/div>\n\t\t<\/div>\n\t<\/div>\n<\/div><\/div><\/div><\/div><div  class=\"vc_row wpb_row vc_row-fluid\"><div class=\"wpb_column vc_column_container vc_col-sm-12\"><div class=\"vc_column-inner\"><div class=\"wpb_wrapper\"><div  class =\"integrio_module_spacing\"><div class=\"spacing_size spacing_size-initial\" style=\"height:70px;\"><\/div><\/div>  \n\n\t<div class=\"wpb_text_column wpb_content_element\" >\n\t\t<div class=\"wpb_wrapper\">\n\t\t\t<p style=\"text-align: center;\" class=\"translation-block\">We combine strategic consulting with technical implementation to <strong>transform data<\/strong> and internal knowledge <strong> into AI solutions<\/strong> that <strong>streamline operations<\/strong>, <strong>boost productivity<\/strong>, and <strong>reduce manual tasks<\/strong>.<\/p>\n\n\t\t<\/div>\n\t<\/div>\n<div  class =\"integrio_module_spacing\"><div class=\"spacing_size spacing_size-initial\" style=\"height:70px;\"><\/div><\/div>  \n\n\t<div  class=\"wpb_single_image wpb_content_element vc_align_center\">\n\t\t\n\t\t<figure class=\"wpb_wrapper vc_figure\">\n\t\t\t<div class=\"vc_single_image-wrapper   vc_box_border_grey\"><img loading=\"lazy\" decoding=\"async\" class=\"vc_single_image-img\" src=\"\/wp-content\/uploads\/2026\/02\/AI-AGENTIC-INFOGRAPHIC.png\" width=\"2500\" height=\"1080\" alt=\"AI AGENTIC INFOGRAPHIC\" title=\"AI AGENTIC INFOGRAPHIC\" \/><\/div>\n\t\t<\/figure>\n\t<\/div>\n<div  class =\"integrio_module_spacing\"><div class=\"spacing_size spacing_size-initial\" style=\"height:70px;\"><\/div><\/div>  \n\n\t<div class=\"wpb_text_column wpb_content_element\" >\n\t\t<div class=\"wpb_wrapper\">\n\t\t\t<p style=\"text-align: center;\" class=\"translation-block\">Organizations can leverage <strong>ready-to-use Copilot agents<\/strong>, create <strong>simple chat-based solutions<\/strong>, or develop <strong>more advanced experiences in Copilot Studio<\/strong>, scaling further with <strong>Azure AI for complex scenarios<\/strong>. A flexible approach aligned with evolving business needs.<\/p>\n\n\t\t<\/div>\n\t<\/div>\n<div  class =\"integrio_module_spacing\"><div class=\"spacing_size spacing_size-initial\" style=\"height:70px;\"><\/div><\/div>  \n<\/div><\/div><\/div><\/div><div  class=\"vc_row wpb_row vc_row-fluid\"><div class=\"wpb_column vc_column_container vc_col-sm-4\"><div class=\"vc_column-inner\"><div class=\"wpb_wrapper\"><div class=\"integrio_module_flipbox type_flip_right align-center\"><div class=\"flipbox_wrapper\" ><div class=\"flipbox_front\"  style=\"background-image: url(\/wp-content\/uploads\/2026\/02\/1.png);\"><h5 class=\"flipbox_title\" style=\"color: #ffffff;\">Microsoft Copilot<\/h5><\/div><div class=\"flipbox_back\"><h5 class=\"flipbox_title\" >Ready-to-use agents for everyone.<\/h5><div class=\"flipbox_content\">\u2705 Greater everyday productivity. \u2705 Fewer repetitive tasks. \u2705 Faster responses and content. \u2705 Continuous team support.<\/div><\/div><\/div><\/div>  \n<div  class =\"integrio_module_spacing\"><div class=\"spacing_size spacing_size-initial\" style=\"height:30px;\"><\/div><\/div>  \n<\/div><\/div><\/div><div class=\"wpb_column vc_column_container vc_col-sm-4\"><div class=\"vc_column-inner\"><div class=\"wpb_wrapper\"><div class=\"integrio_module_flipbox type_flip_right align-center\"><div class=\"flipbox_wrapper\" ><div class=\"flipbox_front\"  style=\"background-image: url(\/wp-content\/uploads\/2026\/02\/2.png);\"><h5 class=\"flipbox_title\" style=\"color: #ffffff;\">Copilot Studio<\/h5><\/div><div class=\"flipbox_back\"><h5 class=\"flipbox_title\" >Low-code platform for custom agents<\/h5><div class=\"flipbox_content\">\u2705 Sophisticated agents. \u2705 AI tailored to company processes and data. \u2705 More consistent information. \u2705 Greater control and customization.<\/div><\/div><\/div><\/div>  \n<div  class =\"integrio_module_spacing\"><div class=\"spacing_size spacing_size-initial\" style=\"height:30px;\"><\/div><\/div>  \n<\/div><\/div><\/div><div class=\"wpb_column vc_column_container vc_col-sm-4\"><div class=\"vc_column-inner\"><div class=\"wpb_wrapper\"><div class=\"integrio_module_flipbox type_flip_right align-center\"><div class=\"flipbox_wrapper\" ><div class=\"flipbox_front\"  style=\"background-image: url(\/wp-content\/uploads\/2026\/02\/3.png);\"><h5 class=\"flipbox_title\" style=\"color: #ffffff;\">Azure AI<\/h5><\/div><div class=\"flipbox_back\"><h5 class=\"flipbox_title\" >For technical teams and advanced solutions<\/h5><div class=\"flipbox_content\">\u2705 Automation of complex processes. \u2705 Data-driven decision making. \u2705 Fully customized solutions. \u2705 Scalability and security.<\/div><\/div><\/div><\/div>  \n<div  class =\"integrio_module_spacing\"><div class=\"spacing_size spacing_size-initial\" style=\"height:30px;\"><\/div><\/div>  \n<\/div><\/div><\/div><\/div><div  class=\"vc_row wpb_row vc_row-fluid\"><div class=\"wpb_column vc_column_container vc_col-sm-12\"><div class=\"vc_column-inner\"><div class=\"wpb_wrapper\"><div  class =\"integrio_module_spacing\"><div class=\"spacing_size spacing_size-initial\" style=\"height:60px;\"><\/div><\/div>  \n<div id=\"integrio_dbl_69de56664de29\" class=\"integrio_module_double_headings acenter\"><div class=\"heading_title\"  style=\"font-size:42px; line-height:1.238; color:#707070; \"><div>AI unlocking value in every business area<\/div><\/div><\/div>  \n<div  class =\"integrio_module_spacing\"><div class=\"spacing_size spacing_size-initial\" style=\"height:30px;\"><\/div><\/div>  \n<\/div><\/div><\/div><\/div><div  class=\"vc_row wpb_row vc_row-fluid\"><div class=\"wpb_column vc_column_container vc_col-sm-4\"><div class=\"vc_column-inner\"><div class=\"wpb_wrapper\"><div class=\"integrio_module_services service_fade acenter bg_front_frame\"><div class=\"services_wrapper\"><div class=\"services_front\" style=\"border-color:rgba(255,255,255,0.3);\"><div class=\"services_icon_wrapper\"><div class=\"services_icon\" ><img decoding=\"async\" src=\"\/wp-content\/uploads\/2026\/02\/Financeiro.png\" alt=\"\"  \/><\/div><\/div><h5 class=\"services_title\" style=\"color:#1884a5;\">Finance<\/h5><div class=\"services_descr\" style=\"color:#848484;\">Assisted financial analysis and reporting. Smart financial forecasts and scenario planning (forecasting, what-if, risk\u2026).<\/div><\/div><div class=\"services_back\" style=\"background:rgba(255,255,255,0.01);\"><\/div><\/div><\/div><\/div><\/div><\/div><div class=\"wpb_column vc_column_container vc_col-sm-4\"><div class=\"vc_column-inner\"><div class=\"wpb_wrapper\"><div class=\"integrio_module_services service_fade acenter bg_front_frame\"><div class=\"services_wrapper\"><div class=\"services_front\" style=\"border-color:rgba(255,255,255,0.3);\"><div class=\"services_icon_wrapper\"><div class=\"services_icon\" ><img decoding=\"async\" src=\"\/wp-content\/uploads\/2026\/02\/IT.png\" alt=\"\"  \/><\/div><\/div><h5 class=\"services_title\" style=\"color:#1884a5;\">IT<\/h5><div class=\"services_descr\" style=\"color:#848484;\">Faster resolution of requests and incidents. Enhanced control and security in AI usage.<\/div><\/div><div class=\"services_back\" style=\"background:rgba(255,255,255,0.01);\"><\/div><\/div><\/div><\/div><\/div><\/div><div class=\"wpb_column vc_column_container vc_col-sm-4\"><div class=\"vc_column-inner\"><div class=\"wpb_wrapper\"><div class=\"integrio_module_services service_fade acenter bg_front_frame\"><div class=\"services_wrapper\"><div class=\"services_front\" style=\"border-color:rgba(255,255,255,0.3);\"><div class=\"services_icon_wrapper\"><div class=\"services_icon\" ><img decoding=\"async\" src=\"\/wp-content\/uploads\/2026\/02\/Servico-ao-Cliente.png\" alt=\"\"  \/><\/div><\/div><h5 class=\"services_title\" style=\"color:#1884a5;\">Customer Service<\/h5><div class=\"services_descr\" style=\"color:#848484;\">Immediate 24\/7 customer service. Agent support for complex interactions.<\/div><\/div><div class=\"services_back\" style=\"background:rgba(255,255,255,0.01);\"><\/div><\/div><\/div><\/div><\/div><\/div><\/div><div  class=\"vc_row wpb_row vc_row-fluid\"><div class=\"wpb_column vc_column_container vc_col-sm-4\"><div class=\"vc_column-inner\"><div class=\"wpb_wrapper\"><div class=\"integrio_module_services service_fade acenter bg_front_frame\"><div class=\"services_wrapper\"><div class=\"services_front\" style=\"border-color:rgba(255,255,255,0.3);\"><div class=\"services_icon_wrapper\"><div class=\"services_icon\" ><img decoding=\"async\" src=\"\/wp-content\/uploads\/2026\/02\/Vendas.png\" alt=\"\"  \/><\/div><\/div><h5 class=\"services_title\" style=\"color:#1884a5;\">Sales<\/h5><div class=\"services_descr\" style=\"color:#848484;\">Speed up meeting preparation and proposal creation.<\/div><\/div><div class=\"services_back\" style=\"background:rgba(255,255,255,0.01);\"><\/div><\/div><\/div><\/div><\/div><\/div><div class=\"wpb_column vc_column_container vc_col-sm-4\"><div class=\"vc_column-inner\"><div class=\"wpb_wrapper\"><div class=\"integrio_module_services service_fade acenter bg_front_frame\"><div class=\"services_wrapper\"><div class=\"services_front\" style=\"border-color:rgba(255,255,255,0.3);\"><div class=\"services_icon_wrapper\"><div class=\"services_icon\" ><img decoding=\"async\" src=\"\/wp-content\/uploads\/2026\/02\/MArkerting.png\" alt=\"\"  \/><\/div><\/div><h5 class=\"services_title\" style=\"color:#1884a5;\">Marketing<\/h5><div class=\"services_descr\" style=\"color:#848484;\">Faster, more consistent content creation. Improved campaign insights.<\/div><\/div><div class=\"services_back\" style=\"background:rgba(255,255,255,0.01);\"><\/div><\/div><\/div><\/div><\/div><\/div><div class=\"wpb_column vc_column_container vc_col-sm-4\"><div class=\"vc_column-inner\"><div class=\"wpb_wrapper\"><div class=\"integrio_module_services service_fade acenter bg_front_frame\"><div class=\"services_wrapper\"><div class=\"services_front\" style=\"border-color:rgba(255,255,255,0.3);\"><div class=\"services_icon_wrapper\"><div class=\"services_icon\" ><img decoding=\"async\" src=\"\/wp-content\/uploads\/2026\/02\/RecursosHumanos.png\" alt=\"\"  \/><\/div><\/div><h5 class=\"services_title\" style=\"color:#1884a5;\">Recursos Humanos<\/h5><div class=\"services_descr\" style=\"color:#848484;\">Faster recruitment and onboarding processes. Continuous support and guidance for employees.<\/div><\/div><div class=\"services_back\" style=\"background:rgba(255,255,255,0.01);\"><\/div><\/div><\/div><\/div><\/div><\/div><\/div><div  class=\"vc_row wpb_row vc_row-fluid\"><div class=\"wpb_column vc_column_container vc_col-sm-12\"><div class=\"vc_column-inner\"><div class=\"wpb_wrapper\"><div  class =\"integrio_module_spacing\"><div class=\"spacing_size spacing_size-initial\" style=\"height:60px;\"><\/div><\/div>  \n<\/div><\/div><\/div><\/div><div  class=\"vc_row wpb_row vc_row-fluid\"><div class=\"wpb_column vc_column_container vc_col-sm-12\"><div class=\"vc_column-inner\"><div class=\"wpb_wrapper\"><div  class =\"integrio_module_spacing\"><div class=\"spacing_size spacing_size-initial\" style=\"height:60px;\"><\/div><\/div>  \n<div id=\"integrio_dbl_69de5666549b7\" class=\"integrio_module_double_headings acenter\"><div class=\"heading_title\"  style=\"font-size:42px; line-height:1.238; color:#707070; \"><div>AI unlocking opportunities for business<\/div><\/div><\/div>  \n<div  class =\"integrio_module_spacing\"><div class=\"spacing_size spacing_size-initial\" style=\"height:60px;\"><\/div><\/div>  \n\n\t<div class=\"wpb_text_column wpb_content_element\" >\n\t\t<div class=\"wpb_wrapper\">\n\t\t\t<p style=\"text-align: center;\" class=\"translation-block\">Reduce operational costs, automate critical processes, and deliver smarter services with <strong>Azure AI<\/strong>.<\/p>\n\n\t\t<\/div>\n\t<\/div>\n<div  class =\"integrio_module_spacing\"><div class=\"spacing_size spacing_size-initial\" style=\"height:30px;\"><\/div><\/div>  \n<\/div><\/div><\/div><\/div><div  class=\"vc_row wpb_row vc_row-fluid\"><div class=\"wpb_column vc_column_container vc_col-sm-4\"><div class=\"vc_column-inner\"><div class=\"wpb_wrapper\"><div class=\"integrio_module_services_4 services_left\" ><div class=\"services_wrapper\"><div class=\"services_icon-wrap\"><\/div><h4 class=\"services_title\"  style=\"font-weight:800; color:#7100e2; \">80%<\/h4><div class=\"services_subtitle\">Reduction of manual work and reallocation of team time to higher-value tasks.<\/div><div class=\"services_content-wrap\"><\/div><\/div><\/div><div  class =\"integrio_module_spacing\"><div class=\"spacing_size spacing_size-initial\" style=\"height:30px;\"><\/div><\/div>  \n<\/div><\/div><\/div><div class=\"wpb_column vc_column_container vc_col-sm-4\"><div class=\"vc_column-inner\"><div class=\"wpb_wrapper\"><div class=\"integrio_module_services_4 services_left\" ><div class=\"services_wrapper\"><div class=\"services_icon-wrap\"><\/div><h4 class=\"services_title\"  style=\"font-weight:800; color:#7100e2; \">150%<\/h4><div class=\"services_subtitle\">Increase productivity by automating and scaling essential processes.<\/div><div class=\"services_content-wrap\"><\/div><\/div><\/div><div  class =\"integrio_module_spacing\"><div class=\"spacing_size spacing_size-initial\" style=\"height:30px;\"><\/div><\/div>  \n<\/div><\/div><\/div><div class=\"wpb_column vc_column_container vc_col-sm-4\"><div class=\"vc_column-inner\"><div class=\"wpb_wrapper\"><div class=\"integrio_module_services_4 services_left\" ><div class=\"services_wrapper\"><div class=\"services_icon-wrap\"><\/div><h4 class=\"services_title\"  style=\"font-weight:800; color:#7100e2; \">284%<\/h4><div class=\"services_subtitle\">Return on investment (ROI) with \u20ac27.1M in benefits versus \u20ac7.1M in costs, according to independent studies.<\/div><div class=\"services_content-wrap\"><\/div><\/div><\/div><div  class =\"integrio_module_spacing\"><div class=\"spacing_size spacing_size-initial\" style=\"height:30px;\"><\/div><\/div>  \n<\/div><\/div><\/div><\/div><div  class=\"vc_row wpb_row vc_row-fluid\"><div class=\"wpb_column vc_column_container vc_col-sm-6\"><div class=\"vc_column-inner\"><div class=\"wpb_wrapper\"><div  class =\"integrio_module_spacing\"><div class=\"spacing_size spacing_size-initial\" style=\"height:30px;\"><\/div><\/div>  \n<div id=\"integrio_button_69de5666598d5\" class=\"integrio_module_button wgl_button wgl_button-l wgl_button-icon_right btn-gradient aleft\"><a class=\"wgl_button_link\" href=\"https:\/\/info.microsoft.com\/ww-landing-forrester-tei-of-microsoft-azure-ai.html\" title='Forrester Total Economic Impact\u2122 Of Microsoft Azure AI' target=\" _blank\">Discover the study<i class=\"wgl_button-icon flaticon-right-arrow\" ><\/i><span class=\"btn_border_gradient\"><\/span><\/a><\/div>\n<div  class =\"integrio_module_spacing\"><div class=\"spacing_size spacing_size-initial\" style=\"height:30px;\"><\/div><\/div>  \n<\/div><\/div><\/div><div class=\"wpb_column vc_column_container vc_col-sm-6\"><div class=\"vc_column-inner\"><div class=\"wpb_wrapper\"><div  class =\"integrio_module_spacing\"><div class=\"spacing_size spacing_size-initial\" style=\"height:30px;\"><\/div><\/div>  \n<div id=\"integrio_button_69de566659bfe\" class=\"integrio_module_button wgl_button wgl_button-l wgl_button-icon_right btn-gradient aright\"><a class=\"wgl_button_link\" href=\"https:\/\/f5tci.com\/en\/contacts\/\" title='Contacts'>Contact Us<i class=\"wgl_button-icon flaticon-right-arrow\" ><\/i><span class=\"btn_border_gradient\"><\/span><\/a><\/div>\n<div  class =\"integrio_module_spacing\"><div class=\"spacing_size spacing_size-initial\" style=\"height:30px;\"><\/div><\/div>  \n<\/div><\/div><\/div><\/div><div  class=\"vc_row wpb_row vc_row-fluid\"><div class=\"wpb_column vc_column_container vc_col-sm-12\"><div class=\"vc_column-inner\"><div class=\"wpb_wrapper\"><div  class =\"integrio_module_spacing\"><div class=\"spacing_size spacing_size-initial\" style=\"height:30px;\"><\/div><\/div>  \n<div  class =\"integrio_module_spacing\"><div class=\"spacing_size spacing_size-initial\" style=\"height:30px;\"><\/div><\/div>  \n<\/div><\/div><\/div><\/div>","protected":false},"excerpt":{"rendered":"IA aplicada ao neg\u00f3cio A Microsoft disponibiliza um ecossistema completo de IA que vai desde Copilots prontos a usar at\u00e9 agentes altamente personalizados desenvolvidos com Copilot Studio e Azure AI. Esta abordagem permite criar solu\u00e7\u00f5es seguras, escal\u00e1veis e adaptadas ao neg\u00f3cio, acelerando a transforma\u00e7\u00e3o digital e aumentando a produtividade das equipas. Combinamos consultoria estrat\u00e9gica e [...]","protected":false},"author":1,"featured_media":0,"parent":0,"menu_order":0,"comment_status":"closed","ping_status":"closed","template":"","meta":{"footnotes":""},"class_list":["post-19290","page","type-page","status-publish","hentry"],"yoast_head":"<!-- This site is optimized with the Yoast SEO plugin v22.0 - https:\/\/yoast.com\/wordpress\/plugins\/seo\/ -->\n<title>F5tci Copilot &amp; Azure AI - Acelere a descoberta de dados<\/title>\n<meta name=\"description\" content=\"Reduza custos operacionais, automatize processos cr\u00edticos e ofere\u00e7a servi\u00e7os mais inteligentes com solu\u00e7\u00f5es de IA.\" \/>\n<meta name=\"robots\" content=\"index, follow, max-snippet:-1, max-image-preview:large, max-video-preview:-1\" \/>\n<link rel=\"canonical\" href=\"https:\/\/www.f5tci.com\/copilot-azure-ai\/\" \/>\n<meta property=\"og:locale\" content=\"en_GB\" \/>\n<meta property=\"og:type\" content=\"article\" \/>\n<meta property=\"og:title\" content=\"F5tci Copilot &amp; Azure AI - Acelere a descoberta de dados\" \/>\n<meta property=\"og:description\" content=\"Reduza custos operacionais, automatize processos cr\u00edticos e ofere\u00e7a servi\u00e7os mais inteligentes com solu\u00e7\u00f5es de IA.\" \/>\n<meta property=\"og:url\" content=\"https:\/\/www.f5tci.com\/copilot-azure-ai\/\" \/>\n<meta property=\"og:site_name\" content=\"F5tci\" \/>\n<meta name=\"twitter:card\" content=\"summary_large_image\" \/>\n<meta name=\"twitter:label1\" content=\"Estimated reading time\" \/>\n\t<meta name=\"twitter:data1\" content=\"3 minutes\" \/>\n<script type=\"application\/ld+json\" class=\"yoast-schema-graph\">{\"@context\":\"https:\/\/schema.org\",\"@graph\":[{\"@type\":\"WebPage\",\"@id\":\"https:\/\/www.f5tci.com\/copilot-azure-ai\/\",\"url\":\"https:\/\/www.f5tci.com\/copilot-azure-ai\/\",\"name\":\"F5tci Copilot & Azure AI - Acelere a descoberta de dados\",\"isPartOf\":{\"@id\":\"https:\/\/www.f5tci.com\/#website\"},\"datePublished\":\"2026-03-03T10:11:06+00:00\",\"dateModified\":\"2026-03-03T10:11:06+00:00\",\"description\":\"Reduza custos operacionais, automatize processos cr\u00edticos e ofere\u00e7a servi\u00e7os mais inteligentes com solu\u00e7\u00f5es de IA.\",\"breadcrumb\":{\"@id\":\"https:\/\/www.f5tci.com\/copilot-azure-ai\/#breadcrumb\"},\"inLanguage\":\"en-GB\",\"potentialAction\":[{\"@type\":\"ReadAction\",\"target\":[\"https:\/\/www.f5tci.com\/copilot-azure-ai\/\"]}]},{\"@type\":\"BreadcrumbList\",\"@id\":\"https:\/\/www.f5tci.com\/copilot-azure-ai\/#breadcrumb\",\"itemListElement\":[{\"@type\":\"ListItem\",\"position\":1,\"name\":\"In\u00edcio\",\"item\":\"https:\/\/f5tci.com\/\"},{\"@type\":\"ListItem\",\"position\":2,\"name\":\"Copilot &#038; Azure AI\"}]},{\"@type\":\"WebSite\",\"@id\":\"https:\/\/www.f5tci.com\/#website\",\"url\":\"https:\/\/www.f5tci.com\/\",\"name\":\"F5tci\",\"description\":\"Information For All\",\"publisher\":{\"@id\":\"https:\/\/www.f5tci.com\/#organization\"},\"potentialAction\":[{\"@type\":\"SearchAction\",\"target\":{\"@type\":\"EntryPoint\",\"urlTemplate\":\"https:\/\/www.f5tci.com\/?s={search_term_string}\"},\"query-input\":\"required name=search_term_string\"}],\"inLanguage\":\"en-GB\"},{\"@type\":\"Organization\",\"@id\":\"https:\/\/www.f5tci.com\/#organization\",\"name\":\"F5tci\",\"url\":\"https:\/\/www.f5tci.com\/\",\"logo\":{\"@type\":\"ImageObject\",\"inLanguage\":\"en-GB\",\"@id\":\"https:\/\/www.f5tci.com\/#\/schema\/logo\/image\/\",\"url\":\"https:\/\/www.f5tci.com\/wp-content\/uploads\/2021\/02\/20-anos-f5tci.png\",\"contentUrl\":\"https:\/\/www.f5tci.com\/wp-content\/uploads\/2021\/02\/20-anos-f5tci.png\",\"width\":2347,\"height\":472,\"caption\":\"F5tci\"},\"image\":{\"@id\":\"https:\/\/www.f5tci.com\/#\/schema\/logo\/image\/\"},\"sameAs\":[\"https:\/\/www.linkedin.com\/company\/f5---tecnologias-de-comunica\u00e7\u00e3o-e-informa\u00e7\u00e3o-lda\/\"]}]}<\/script>\n<!-- \/ Yoast SEO plugin. -->","yoast_head_json":{"title":"F5tci Copilot & Azure AI - Acelere a descoberta de dados","description":"Reduza custos operacionais, automatize processos cr\u00edticos e ofere\u00e7a servi\u00e7os mais inteligentes com solu\u00e7\u00f5es de IA.","robots":{"index":"index","follow":"follow","max-snippet":"max-snippet:-1","max-image-preview":"max-image-preview:large","max-video-preview":"max-video-preview:-1"},"canonical":"https:\/\/www.f5tci.com\/copilot-azure-ai\/","og_locale":"en_GB","og_type":"article","og_title":"F5tci Copilot & Azure AI - Acelere a descoberta de dados","og_description":"Reduza custos operacionais, automatize processos cr\u00edticos e ofere\u00e7a servi\u00e7os mais inteligentes com solu\u00e7\u00f5es de IA.","og_url":"https:\/\/www.f5tci.com\/copilot-azure-ai\/","og_site_name":"F5tci","twitter_card":"summary_large_image","twitter_misc":{"Estimated reading time":"3 minutes"},"schema":{"@context":"https:\/\/schema.org","@graph":[{"@type":"WebPage","@id":"https:\/\/www.f5tci.com\/copilot-azure-ai\/","url":"https:\/\/www.f5tci.com\/copilot-azure-ai\/","name":"F5tci Copilot & Azure AI - Acelere a descoberta de dados","isPartOf":{"@id":"https:\/\/www.f5tci.com\/#website"},"datePublished":"2026-03-03T10:11:06+00:00","dateModified":"2026-03-03T10:11:06+00:00","description":"Reduza custos operacionais, automatize processos cr\u00edticos e ofere\u00e7a servi\u00e7os mais inteligentes com solu\u00e7\u00f5es de IA.","breadcrumb":{"@id":"https:\/\/www.f5tci.com\/copilot-azure-ai\/#breadcrumb"},"inLanguage":"en-GB","potentialAction":[{"@type":"ReadAction","target":["https:\/\/www.f5tci.com\/copilot-azure-ai\/"]}]},{"@type":"BreadcrumbList","@id":"https:\/\/www.f5tci.com\/copilot-azure-ai\/#breadcrumb","itemListElement":[{"@type":"ListItem","position":1,"name":"In\u00edcio","item":"https:\/\/f5tci.com\/"},{"@type":"ListItem","position":2,"name":"Copilot &#038; Azure AI"}]},{"@type":"WebSite","@id":"https:\/\/www.f5tci.com\/#website","url":"https:\/\/www.f5tci.com\/","name":"F5tci","description":"Information For All","publisher":{"@id":"https:\/\/www.f5tci.com\/#organization"},"potentialAction":[{"@type":"SearchAction","target":{"@type":"EntryPoint","urlTemplate":"https:\/\/www.f5tci.com\/?s={search_term_string}"},"query-input":"required name=search_term_string"}],"inLanguage":"en-GB"},{"@type":"Organization","@id":"https:\/\/www.f5tci.com\/#organization","name":"F5tci","url":"https:\/\/www.f5tci.com\/","logo":{"@type":"ImageObject","inLanguage":"en-GB","@id":"https:\/\/www.f5tci.com\/#\/schema\/logo\/image\/","url":"https:\/\/www.f5tci.com\/wp-content\/uploads\/2021\/02\/20-anos-f5tci.png","contentUrl":"https:\/\/www.f5tci.com\/wp-content\/uploads\/2021\/02\/20-anos-f5tci.png","width":2347,"height":472,"caption":"F5tci"},"image":{"@id":"https:\/\/www.f5tci.com\/#\/schema\/logo\/image\/"},"sameAs":["https:\/\/www.linkedin.com\/company\/f5---tecnologias-de-comunica\u00e7\u00e3o-e-informa\u00e7\u00e3o-lda\/"]}]}},"_links":{"self":[{"href":"https:\/\/f5tci.com\/en\/wp-json\/wp\/v2\/pages\/19290"}],"collection":[{"href":"https:\/\/f5tci.com\/en\/wp-json\/wp\/v2\/pages"}],"about":[{"href":"https:\/\/f5tci.com\/en\/wp-json\/wp\/v2\/types\/page"}],"author":[{"embeddable":true,"href":"https:\/\/f5tci.com\/en\/wp-json\/wp\/v2\/users\/1"}],"replies":[{"embeddable":true,"href":"https:\/\/f5tci.com\/en\/wp-json\/wp\/v2\/comments?post=19290"}],"version-history":[{"count":47,"href":"https:\/\/f5tci.com\/en\/wp-json\/wp\/v2\/pages\/19290\/revisions"}],"predecessor-version":[{"id":19394,"href":"https:\/\/f5tci.com\/en\/wp-json\/wp\/v2\/pages\/19290\/revisions\/19394"}],"wp:attachment":[{"href":"https:\/\/f5tci.com\/en\/wp-json\/wp\/v2\/media?parent=19290"}],"curies":[{"name":"wp","href":"https:\/\/api.w.org\/{rel}","templated":true}]}}