{"id":19085,"date":"2025-04-02T15:36:16","date_gmt":"2025-04-02T15:36:16","guid":{"rendered":"https:\/\/www.f5tci.com\/?page_id=19085"},"modified":"2025-04-24T20:37:25","modified_gmt":"2025-04-24T20:37:25","slug":"microsoft-fabric-data-analytics-platform","status":"publish","type":"page","link":"https:\/\/f5tci.com\/en\/microsoft-fabric-data-analytics-platform\/","title":{"rendered":"Microsoft Fabric"},"content":{"rendered":"<div  class=\"vc_row wpb_row vc_row-fluid\"><div class=\"wpb_column vc_column_container vc_col-sm-12\"><div class=\"vc_column-inner\"><div class=\"wpb_wrapper\"><div  class =\"integrio_module_spacing\"><div class=\"spacing_size spacing_size-initial\" style=\"height:70px;\"><\/div><\/div>  \n<\/div><\/div><\/div><\/div><div  class=\"vc_row wpb_row vc_row-fluid\"><div class=\"wpb_column vc_column_container vc_col-sm-6\"><div class=\"vc_column-inner vc_custom_1606230224469\"><div class=\"wpb_wrapper\"><div id=\"integrio_dbl_69d4c07f65093\" class=\"integrio_module_double_headings aleft\"><div class=\"heading_subtitle\" style=\"font-size:14px; line-height:20px; \"><h3>Power your AI transformation<\/h3><\/div><div class=\"heading_title\"  style=\"font-size:42px; line-height:1.238; color:#1884a5; \"><h2>Microsoft Fabric | The Next Generation in Analytics<\/h2><\/div><\/div>  \n<div  class =\"integrio_module_spacing\"><div class=\"spacing_size spacing_size-initial\" style=\"height:30px;\"><\/div><\/div>  \n\n\t<div class=\"wpb_text_column wpb_content_element\" >\n\t\t<div class=\"wpb_wrapper\">\n\t\t\t<p>In 2023 Microsoft launched Microsoft Fabric, a unified analytics platform that integrates technologies already known in its portfolio, such as Azure Data Factory, Azure Synapse Analytics and Power BI into a single platform.<\/p>\n<p>Provide your teams <b>with the AI-powered tools<\/b> they need <b>for any data project. <\/b><\/p>\n\n\t\t<\/div>\n\t<\/div>\n<\/div><\/div><\/div><div class=\"wpb_column vc_column_container vc_col-sm-6\"><div class=\"vc_column-inner\"><div class=\"wpb_wrapper\"><div  class =\"integrio_module_spacing\"><div class=\"spacing_size spacing_size-initial\" style=\"height:30px;\"><\/div><\/div>  \n\n\t<div class=\"wpb_video_widget wpb_content_element vc_clearfix   vc_video-aspect-ratio-169 vc_video-el-width-100 vc_video-align-center\" >\n\t\t<div class=\"wpb_wrapper\">\n\t\t\t\n\t\t\t<div class=\"wpb_video_wrapper\"><iframe loading=\"lazy\" title=\"Microsoft Fabric: Satya Nadella at Microsoft Build 2023\" width=\"500\" height=\"281\" src=\"https:\/\/www.youtube.com\/embed\/X_c7gLfJz_Q?feature=oembed\" frameborder=\"0\" allow=\"accelerometer; autoplay; clipboard-write; encrypted-media; gyroscope; picture-in-picture; web-share\" referrerpolicy=\"strict-origin-when-cross-origin\" allowfullscreen><\/iframe><\/div>\n\t\t<\/div>\n\t<\/div>\n<\/div><\/div><\/div><\/div><div  class=\"vc_row wpb_row vc_row-fluid\"><div class=\"wpb_column vc_column_container vc_col-sm-12\"><div class=\"vc_column-inner\"><div class=\"wpb_wrapper\"><div  class =\"integrio_module_spacing\"><div class=\"spacing_size spacing_size-initial\" style=\"height:30px;\"><\/div><\/div>  \n<div id=\"integrio_dbl_69d4c07f65be2\" class=\"integrio_module_double_headings acenter\"><div class=\"heading_title\"  style=\"font-size:42px; line-height:1.238; color:#707070; \"><h2>Capabilities<\/h2><\/div><\/div>  \n<div  class =\"integrio_module_spacing\"><div class=\"spacing_size spacing_size-initial\" style=\"height:30px;\"><\/div><\/div>  \n<\/div><\/div><\/div><\/div><div  class=\"vc_row wpb_row vc_row-fluid\"><div class=\"wpb_column vc_column_container vc_col-sm-4\"><div class=\"vc_column-inner\"><div class=\"wpb_wrapper\"><div class=\"integrio_module_services service_fade acenter bg_front_frame\"><div class=\"services_wrapper\"><div class=\"services_front\" style=\"border-color:rgba(255,255,255,0.3);\"><div class=\"services_icon_wrapper\"><div class=\"services_icon\"  style=\"height:100px;\"><img decoding=\"async\" src=\"\/wp-content\/uploads\/2025\/04\/F5TCI-Novos-Icones_v4-09-200x200.png\" alt=\"\"  style=\"width:100px; height:100px;\" \/><\/div><\/div><h5 class=\"services_title\" style=\"color:#1884a5;\">Data Engineering<\/h5><div class=\"services_descr\" style=\"color:#848484;\">Design systems to help you organize and analyze large volumes of data.<\/div><\/div><div class=\"services_back\" style=\"background:rgba(255,255,255,0.01);\"><\/div><\/div><\/div><\/div><\/div><\/div><div class=\"wpb_column vc_column_container vc_col-sm-4\"><div class=\"vc_column-inner\"><div class=\"wpb_wrapper\"><div class=\"integrio_module_services service_fade acenter bg_front_frame\"><div class=\"services_wrapper\"><div class=\"services_front\" style=\"border-color:rgba(255,255,255,0.3);\"><div class=\"services_icon_wrapper\"><div class=\"services_icon\"  style=\"height:100px;\"><img decoding=\"async\" src=\"\/wp-content\/uploads\/2025\/04\/F5TCI-Novos-Icones_v4-08-200x200.png\" alt=\"\"  style=\"width:100px; height:100px;\" \/><\/div><\/div><h5 class=\"services_title\" style=\"color:#1884a5;\">Data Science<\/h5><div class=\"services_descr\" style=\"color:#848484;\">Use AI tools to build end-to-end workflows, enrich data, and improve insights.<\/div><\/div><div class=\"services_back\" style=\"background:rgba(255,255,255,0.01);\"><\/div><\/div><\/div><\/div><\/div><\/div><div class=\"wpb_column vc_column_container vc_col-sm-4\"><div class=\"vc_column-inner\"><div class=\"wpb_wrapper\"><div class=\"integrio_module_services service_fade acenter bg_front_frame\"><div class=\"services_wrapper\"><div class=\"services_front\" style=\"border-color:rgba(255,255,255,0.3);\"><div class=\"services_icon_wrapper\"><div class=\"services_icon\"  style=\"height:100px;\"><img decoding=\"async\" src=\"\/wp-content\/uploads\/2025\/04\/F5TCI-Novos-Icones_v4-07-200x200.png\" alt=\"\"  style=\"width:100px; height:100px;\" \/><\/div><\/div><h5 class=\"services_title\" style=\"color:#1884a5;\">Data Warehouse<\/h5><div class=\"services_descr\" style=\"color:#848484;\">Scale compute and storage independently with industry-leading SQL performance.<\/div><\/div><div class=\"services_back\" style=\"background:rgba(255,255,255,0.01);\"><\/div><\/div><\/div><\/div><\/div><\/div><\/div><div  class=\"vc_row wpb_row vc_row-fluid\"><div class=\"wpb_column vc_column_container vc_col-sm-4\"><div class=\"vc_column-inner\"><div class=\"wpb_wrapper\"><div class=\"integrio_module_services service_fade acenter bg_front_frame\"><div class=\"services_wrapper\"><div class=\"services_front\" style=\"border-color:rgba(255,255,255,0.3);\"><div class=\"services_icon_wrapper\"><div class=\"services_icon\"  style=\"height:100px;\"><img decoding=\"async\" src=\"\/wp-content\/uploads\/2025\/04\/F5TCI-Novos-Icones_v4-15-200x200.png\" alt=\"\"  style=\"width:100px; height:100px;\" \/><\/div><\/div><h5 class=\"services_title\" style=\"color:#1884a5;\">Real-time Intelligence<\/h5><div class=\"services_descr\" style=\"color:#848484;\">Explore, analyze, and act on large volumes of streaming data in near-real time with high performance and low latency.<\/div><\/div><div class=\"services_back\" style=\"background:rgba(255,255,255,0.01);\"><\/div><\/div><\/div><\/div><\/div><\/div><div class=\"wpb_column vc_column_container vc_col-sm-4\"><div class=\"vc_column-inner\"><div class=\"wpb_wrapper\"><div class=\"integrio_module_services service_fade acenter bg_front_frame\"><div class=\"services_wrapper\"><div class=\"services_front\" style=\"border-color:rgba(255,255,255,0.3);\"><div class=\"services_icon_wrapper\"><div class=\"services_icon\"  style=\"height:105px;\"><img decoding=\"async\" src=\"\/wp-content\/uploads\/2025\/04\/F5TCI-Novos-Icones_v3-03-210x210.png\" alt=\"\"  style=\"width:105px; height:105px;\" \/><\/div><\/div><h5 class=\"services_title\" style=\"color:#1884a5;\">Business Intelligence<\/h5><div class=\"services_descr\" style=\"color:#848484;\">Turn your data into visually immersive, interactive insights and embed them in Microsoft 365.<\/div><\/div><div class=\"services_back\" style=\"background:rgba(255,255,255,0.01);\"><\/div><\/div><\/div><\/div><\/div><\/div><div class=\"wpb_column vc_column_container vc_col-sm-4\"><div class=\"vc_column-inner\"><div class=\"wpb_wrapper\"><div class=\"integrio_module_services service_fade acenter bg_front_frame\"><div class=\"services_wrapper\"><div class=\"services_front\" style=\"border-color:rgba(255,255,255,0.3);\"><div class=\"services_icon_wrapper\"><div class=\"services_icon\"  style=\"height:105px;\"><img decoding=\"async\" src=\"\/wp-content\/uploads\/2025\/04\/F5TCI-Novos-Icones_v4-11-210x210.png\" alt=\"\"  style=\"width:105px; height:105px;\" \/><\/div><\/div><h5 class=\"services_title\" style=\"color:#1884a5;\">Copilot<\/h5><div class=\"services_descr\" style=\"color:#848484;\">Accelerate productivity and creativity with natural-language prompts in notebooks, pipelines, and reports.<\/div><\/div><div class=\"services_back\" style=\"background:rgba(255,255,255,0.01);\"><\/div><\/div><\/div><\/div><\/div><\/div><\/div><div  class=\"vc_row wpb_row vc_row-fluid\"><div class=\"wpb_column vc_column_container vc_col-sm-12\"><div class=\"vc_column-inner\"><div class=\"wpb_wrapper\"><div  class =\"integrio_module_spacing\"><div class=\"spacing_size spacing_size-initial\" style=\"height:40px;\"><\/div><\/div>  \n<\/div><\/div><\/div><\/div><div  class=\"vc_row wpb_row vc_row-fluid\"><div class=\"wpb_column vc_column_container vc_col-sm-12\"><div class=\"vc_column-inner\"><div class=\"wpb_wrapper\"><div  class =\"integrio_module_spacing\"><div class=\"spacing_size spacing_size-initial\" style=\"height:30px;\"><\/div><\/div>  \n<div id=\"integrio_button_69d4c07fc7837\" class=\"integrio_module_button wgl_button wgl_button-l wgl_button-icon_right btn-gradient acenter\"><a class=\"wgl_button_link\" href=\"https:\/\/f5tci.com\/en\/contacts\/\">Contact Us<i class=\"wgl_button-icon flaticon-right-arrow\" ><\/i><span class=\"btn_border_gradient\"><\/span><\/a><\/div>\n<div  class =\"integrio_module_spacing\"><div class=\"spacing_size spacing_size-initial\" style=\"height:30px;\"><\/div><\/div>  \n<\/div><\/div><\/div><\/div>","protected":false},"excerpt":{"rendered":"Power your AI transformationMicrosoft Fabric | The Next Generation in Analytics Em 2023 a Microsoft lan\u00e7ou o Microsoft Fabric, uma plataforma de an\u00e1lise unificada que integra tecnologias j\u00e1 conhecidas no seu portfolio, tais como Azure Data Factory, Azure Synapse Analytics e Power BI numa \u00fanica plataforma. Forne\u00e7a \u00e0s suas equipas as ferramentas com tecnologia de [...]","protected":false},"author":1,"featured_media":0,"parent":0,"menu_order":0,"comment_status":"closed","ping_status":"closed","template":"","meta":{"footnotes":""},"class_list":["post-19085","page","type-page","status-publish","hentry"],"yoast_head":"<!-- This site is optimized with the Yoast SEO plugin v22.0 - https:\/\/yoast.com\/wordpress\/plugins\/seo\/ -->\n<title>F5tci - Microsoft Fabric - a nova gera\u00e7\u00e3o em analytics<\/title>\n<meta name=\"description\" content=\"O Microsoft Fabric \u00e9 uma plataforma de an\u00e1lise unificada, com tecnologia de IA, ideal para qualquer projeto de dados.\" \/>\n<meta name=\"robots\" content=\"index, follow, max-snippet:-1, max-image-preview:large, max-video-preview:-1\" \/>\n<link rel=\"canonical\" href=\"https:\/\/f5tci.com\/en\/microsoft-fabric-data-analytics-platform\/\" \/>\n<meta property=\"og:locale\" content=\"en_GB\" \/>\n<meta property=\"og:type\" content=\"article\" \/>\n<meta property=\"og:title\" content=\"F5tci - Microsoft Fabric - a nova gera\u00e7\u00e3o em analytics\" \/>\n<meta property=\"og:description\" content=\"O Microsoft Fabric \u00e9 uma plataforma de an\u00e1lise unificada, com tecnologia de IA, ideal para qualquer projeto de dados.\" \/>\n<meta property=\"og:url\" content=\"https:\/\/f5tci.com\/en\/microsoft-fabric-data-analytics-platform\/\" \/>\n<meta property=\"og:site_name\" content=\"F5tci\" \/>\n<meta property=\"article:modified_time\" content=\"2025-04-24T20:37:25+00:00\" \/>\n<meta name=\"twitter:card\" content=\"summary_large_image\" \/>\n<meta name=\"twitter:label1\" content=\"Estimated reading time\" \/>\n\t<meta name=\"twitter:data1\" content=\"2 minutes\" \/>\n<script type=\"application\/ld+json\" class=\"yoast-schema-graph\">{\"@context\":\"https:\/\/schema.org\",\"@graph\":[{\"@type\":\"WebPage\",\"@id\":\"https:\/\/f5tci.com\/en\/microsoft-fabric-data-analytics-platform\/\",\"url\":\"https:\/\/f5tci.com\/en\/microsoft-fabric-data-analytics-platform\/\",\"name\":\"F5tci - Microsoft Fabric - a nova gera\u00e7\u00e3o em analytics\",\"isPartOf\":{\"@id\":\"https:\/\/www.f5tci.com\/#website\"},\"datePublished\":\"2025-04-02T15:36:16+00:00\",\"dateModified\":\"2025-04-24T20:37:25+00:00\",\"description\":\"O Microsoft Fabric \u00e9 uma plataforma de an\u00e1lise unificada, com tecnologia de IA, ideal para qualquer projeto de dados.\",\"breadcrumb\":{\"@id\":\"https:\/\/f5tci.com\/en\/microsoft-fabric-data-analytics-platform\/#breadcrumb\"},\"inLanguage\":\"en-GB\",\"potentialAction\":[{\"@type\":\"ReadAction\",\"target\":[\"https:\/\/f5tci.com\/en\/microsoft-fabric-data-analytics-platform\/\"]}]},{\"@type\":\"BreadcrumbList\",\"@id\":\"https:\/\/f5tci.com\/en\/microsoft-fabric-data-analytics-platform\/#breadcrumb\",\"itemListElement\":[{\"@type\":\"ListItem\",\"position\":1,\"name\":\"In\u00edcio\",\"item\":\"https:\/\/www.f5tci.com\/\"},{\"@type\":\"ListItem\",\"position\":2,\"name\":\"Microsoft Fabric\"}]},{\"@type\":\"WebSite\",\"@id\":\"https:\/\/www.f5tci.com\/#website\",\"url\":\"https:\/\/www.f5tci.com\/\",\"name\":\"F5tci\",\"description\":\"Information For All\",\"publisher\":{\"@id\":\"https:\/\/www.f5tci.com\/#organization\"},\"potentialAction\":[{\"@type\":\"SearchAction\",\"target\":{\"@type\":\"EntryPoint\",\"urlTemplate\":\"https:\/\/www.f5tci.com\/?s={search_term_string}\"},\"query-input\":\"required name=search_term_string\"}],\"inLanguage\":\"en-GB\"},{\"@type\":\"Organization\",\"@id\":\"https:\/\/www.f5tci.com\/#organization\",\"name\":\"F5tci\",\"url\":\"https:\/\/www.f5tci.com\/\",\"logo\":{\"@type\":\"ImageObject\",\"inLanguage\":\"en-GB\",\"@id\":\"https:\/\/www.f5tci.com\/#\/schema\/logo\/image\/\",\"url\":\"https:\/\/www.f5tci.com\/wp-content\/uploads\/2021\/02\/20-anos-f5tci.png\",\"contentUrl\":\"https:\/\/www.f5tci.com\/wp-content\/uploads\/2021\/02\/20-anos-f5tci.png\",\"width\":2347,\"height\":472,\"caption\":\"F5tci\"},\"image\":{\"@id\":\"https:\/\/www.f5tci.com\/#\/schema\/logo\/image\/\"},\"sameAs\":[\"https:\/\/www.linkedin.com\/company\/f5---tecnologias-de-comunica\u00e7\u00e3o-e-informa\u00e7\u00e3o-lda\/\"]}]}<\/script>\n<!-- \/ Yoast SEO plugin. -->","yoast_head_json":{"title":"F5tci - Microsoft Fabric - a nova gera\u00e7\u00e3o em analytics","description":"O Microsoft Fabric \u00e9 uma plataforma de an\u00e1lise unificada, com tecnologia de IA, ideal para qualquer projeto de dados.","robots":{"index":"index","follow":"follow","max-snippet":"max-snippet:-1","max-image-preview":"max-image-preview:large","max-video-preview":"max-video-preview:-1"},"canonical":"https:\/\/f5tci.com\/en\/microsoft-fabric-data-analytics-platform\/","og_locale":"en_GB","og_type":"article","og_title":"F5tci - Microsoft Fabric - a nova gera\u00e7\u00e3o em analytics","og_description":"O Microsoft Fabric \u00e9 uma plataforma de an\u00e1lise unificada, com tecnologia de IA, ideal para qualquer projeto de dados.","og_url":"https:\/\/f5tci.com\/en\/microsoft-fabric-data-analytics-platform\/","og_site_name":"F5tci","article_modified_time":"2025-04-24T20:37:25+00:00","twitter_card":"summary_large_image","twitter_misc":{"Estimated reading time":"2 minutes"},"schema":{"@context":"https:\/\/schema.org","@graph":[{"@type":"WebPage","@id":"https:\/\/f5tci.com\/en\/microsoft-fabric-data-analytics-platform\/","url":"https:\/\/f5tci.com\/en\/microsoft-fabric-data-analytics-platform\/","name":"F5tci - Microsoft Fabric - a nova gera\u00e7\u00e3o em analytics","isPartOf":{"@id":"https:\/\/www.f5tci.com\/#website"},"datePublished":"2025-04-02T15:36:16+00:00","dateModified":"2025-04-24T20:37:25+00:00","description":"O Microsoft Fabric \u00e9 uma plataforma de an\u00e1lise unificada, com tecnologia de IA, ideal para qualquer projeto de dados.","breadcrumb":{"@id":"https:\/\/f5tci.com\/en\/microsoft-fabric-data-analytics-platform\/#breadcrumb"},"inLanguage":"en-GB","potentialAction":[{"@type":"ReadAction","target":["https:\/\/f5tci.com\/en\/microsoft-fabric-data-analytics-platform\/"]}]},{"@type":"BreadcrumbList","@id":"https:\/\/f5tci.com\/en\/microsoft-fabric-data-analytics-platform\/#breadcrumb","itemListElement":[{"@type":"ListItem","position":1,"name":"In\u00edcio","item":"https:\/\/www.f5tci.com\/"},{"@type":"ListItem","position":2,"name":"Microsoft Fabric"}]},{"@type":"WebSite","@id":"https:\/\/www.f5tci.com\/#website","url":"https:\/\/www.f5tci.com\/","name":"F5tci","description":"Information For All","publisher":{"@id":"https:\/\/www.f5tci.com\/#organization"},"potentialAction":[{"@type":"SearchAction","target":{"@type":"EntryPoint","urlTemplate":"https:\/\/www.f5tci.com\/?s={search_term_string}"},"query-input":"required name=search_term_string"}],"inLanguage":"en-GB"},{"@type":"Organization","@id":"https:\/\/www.f5tci.com\/#organization","name":"F5tci","url":"https:\/\/www.f5tci.com\/","logo":{"@type":"ImageObject","inLanguage":"en-GB","@id":"https:\/\/www.f5tci.com\/#\/schema\/logo\/image\/","url":"https:\/\/www.f5tci.com\/wp-content\/uploads\/2021\/02\/20-anos-f5tci.png","contentUrl":"https:\/\/www.f5tci.com\/wp-content\/uploads\/2021\/02\/20-anos-f5tci.png","width":2347,"height":472,"caption":"F5tci"},"image":{"@id":"https:\/\/www.f5tci.com\/#\/schema\/logo\/image\/"},"sameAs":["https:\/\/www.linkedin.com\/company\/f5---tecnologias-de-comunica\u00e7\u00e3o-e-informa\u00e7\u00e3o-lda\/"]}]}},"_links":{"self":[{"href":"https:\/\/f5tci.com\/en\/wp-json\/wp\/v2\/pages\/19085"}],"collection":[{"href":"https:\/\/f5tci.com\/en\/wp-json\/wp\/v2\/pages"}],"about":[{"href":"https:\/\/f5tci.com\/en\/wp-json\/wp\/v2\/types\/page"}],"author":[{"embeddable":true,"href":"https:\/\/f5tci.com\/en\/wp-json\/wp\/v2\/users\/1"}],"replies":[{"embeddable":true,"href":"https:\/\/f5tci.com\/en\/wp-json\/wp\/v2\/comments?post=19085"}],"version-history":[{"count":0,"href":"https:\/\/f5tci.com\/en\/wp-json\/wp\/v2\/pages\/19085\/revisions"}],"wp:attachment":[{"href":"https:\/\/f5tci.com\/en\/wp-json\/wp\/v2\/media?parent=19085"}],"curies":[{"name":"wp","href":"https:\/\/api.w.org\/{rel}","templated":true}]}}