{"id":15756,"date":"2020-12-15T10:31:18","date_gmt":"2020-12-15T10:31:18","guid":{"rendered":"https:\/\/www.f5tci.com\/?page_id=15756"},"modified":"2022-01-07T10:54:23","modified_gmt":"2022-01-07T10:54:23","slug":"iot-advanced-analytics","status":"publish","type":"page","link":"https:\/\/f5tci.com\/en\/iot-advanced-analytics\/","title":{"rendered":"IIoT &#038; Advanced Analytics"},"content":{"rendered":"<div  class=\"vc_row wpb_row vc_row-fluid\"><div class=\"wpb_column vc_column_container vc_col-sm-12\"><div class=\"vc_column-inner\"><div class=\"wpb_wrapper\"><div  class =\"integrio_module_spacing\"><div class=\"spacing_size spacing_size-initial\" style=\"height:70px;\"><\/div><\/div>  \n<\/div><\/div><\/div><\/div><div  class=\"vc_row wpb_row vc_row-fluid\"><div class=\"wpb_column vc_column_container vc_col-sm-12\"><div class=\"vc_column-inner vc_custom_1606230224469\"><div class=\"wpb_wrapper\"><div  class =\"integrio_module_spacing\"><div class=\"spacing_size spacing_size-initial\" style=\"height:20px;\"><\/div><\/div>  \n<div id=\"integrio_dbl_69d4d641e9c7d\" class=\"integrio_module_double_headings acenter\"><div class=\"heading_title\"  style=\"font-size:42px; line-height:1.238; color:#1884a5; \"><h2>Industrial Internet of Things &#8211; IIoT<\/h2><\/div><\/div>  \n<div  class =\"integrio_module_spacing\"><div class=\"spacing_size spacing_size-initial\" style=\"height:30px;\"><\/div><\/div>  \n\n\t<div class=\"wpb_text_column wpb_content_element\" >\n\t\t<div class=\"wpb_wrapper\">\n\t\t\t<p style=\"text-align: center;\"><strong>IoT platform that allows aggregation of data from different devices and analysis in real time.<\/strong><\/p>\n\n\t\t<\/div>\n\t<\/div>\n<div  class =\"integrio_module_spacing\"><div class=\"spacing_size spacing_size-initial\" style=\"height:30px;\"><\/div><\/div>  \n\n\t<div class=\"wpb_text_column wpb_content_element\" >\n\t\t<div class=\"wpb_wrapper\">\n\t\t\t<p style=\"text-align: center;\">Built on a microservice architecture, this solution allows live data streaming directly from Qlik Sense, in order to monitor all sensors and other devices with real time data, and to make further analysis on Qlik's applications.<\/p>\n\n\t\t<\/div>\n\t<\/div>\n<\/div><\/div><\/div><\/div><div  class=\"vc_row wpb_row vc_row-fluid\"><div class=\"wpb_column vc_column_container vc_col-sm-12\"><div class=\"vc_column-inner\"><div class=\"wpb_wrapper\"><div  class =\"integrio_module_spacing\"><div class=\"spacing_size spacing_size-initial\" style=\"height:60px;\"><\/div><\/div>  \n<\/div><\/div><\/div><\/div><div  class=\"vc_row wpb_row vc_row-fluid\"><div class=\"wpb_column vc_column_container vc_col-sm-1\"><div class=\"vc_column-inner\"><div class=\"wpb_wrapper\"><\/div><\/div><\/div><div class=\"wpb_column vc_column_container vc_col-sm-10\"><div class=\"vc_column-inner\"><div class=\"wpb_wrapper\">\n\t<div  class=\"wpb_single_image wpb_content_element vc_align_center\">\n\t\t\n\t\t<figure class=\"wpb_wrapper vc_figure\">\n\t\t\t<div class=\"vc_single_image-wrapper   vc_box_border_grey\"><img loading=\"lazy\" decoding=\"async\" width=\"1024\" height=\"419\" src=\"\/wp-content\/uploads\/2021\/02\/iiot-f5tci-architecture-1024x419.jpg\" class=\"vc_single_image-img attachment-large\" alt=\"f5tci industrial internet of things high level product architecture\" srcset=\"\/wp-content\/uploads\/2021\/02\/iiot-f5tci-architecture-1024x419.jpg 1024w, \/wp-content\/uploads\/2021\/02\/iiot-f5tci-architecture-300x123.jpg 300w, \/wp-content\/uploads\/2021\/02\/iiot-f5tci-architecture-768x314.jpg 768w, \/wp-content\/uploads\/2021\/02\/iiot-f5tci-architecture-1536x628.jpg 1536w, \/wp-content\/uploads\/2021\/02\/iiot-f5tci-architecture-16x7.jpg 16w, \/wp-content\/uploads\/2021\/02\/iiot-f5tci-architecture.jpg 1606w\" sizes=\"(max-width: 1024px) 100vw, 1024px\" \/><\/div>\n\t\t<\/figure>\n\t<\/div>\n<\/div><\/div><\/div><div class=\"wpb_column vc_column_container vc_col-sm-1\"><div class=\"vc_column-inner\"><div class=\"wpb_wrapper\"><\/div><\/div><\/div><\/div><div  class=\"vc_row wpb_row vc_row-fluid\"><div class=\"wpb_column vc_column_container vc_col-sm-12\"><div class=\"vc_column-inner\"><div class=\"wpb_wrapper\"><div  class =\"integrio_module_spacing\"><div class=\"spacing_size spacing_size-initial\" style=\"height:60px;\"><\/div><\/div>  \n<\/div><\/div><\/div><\/div><div  class=\"vc_row wpb_row vc_row-fluid\"><div class=\"wpb_column vc_column_container vc_col-sm-1\"><div class=\"vc_column-inner\"><div class=\"wpb_wrapper\"><\/div><\/div><\/div><div class=\"wpb_column vc_column_container vc_col-sm-10\"><div class=\"vc_column-inner\"><div class=\"wpb_wrapper\"><div class=\"vc_message_box vc_message_box-standard vc_message_box-rounded vc_color-peacoc vc_custom_1613553797352\" ><div class=\"vc_message_box-icon\"><i class=\"typcn typcn-media-record\"><\/i><\/div><p>Microservices architecture<\/p>\n<\/div><div class=\"vc_message_box vc_message_box-standard vc_message_box-rounded vc_color-peacoc vc_custom_1613986473521\" ><div class=\"vc_message_box-icon\"><i class=\"typcn typcn-media-record\"><\/i><\/div><p>Ecossistem sensors aggregation and store to database<\/p>\n<\/div><div class=\"vc_message_box vc_message_box-standard vc_message_box-rounded vc_color-peacoc vc_custom_1613986505875\" ><div class=\"vc_message_box-icon\"><i class=\"typcn typcn-media-record\"><\/i><\/div><p>Multiprotocol feature (MQTT, SNMP);<\/p>\n<\/div><div class=\"vc_message_box vc_message_box-standard vc_message_box-rounded vc_color-peacoc vc_custom_1613986518089\" ><div class=\"vc_message_box-icon\"><i class=\"typcn typcn-media-record\"><\/i><\/div><p>Buffer feature for native integration in Qlik Sense\u00ae incremental load<\/p>\n<\/div><div class=\"vc_message_box vc_message_box-standard vc_message_box-rounded vc_color-peacoc vc_custom_1613986530571\" ><div class=\"vc_message_box-icon\"><i class=\"typcn typcn-media-record\"><\/i><\/div><p>Live data streaming directly from Qlik Sense\u00ae or Digital Signage.<\/p>\n<\/div><\/div><\/div><\/div><div class=\"wpb_column vc_column_container vc_col-sm-1\"><div class=\"vc_column-inner\"><div class=\"wpb_wrapper\"><\/div><\/div><\/div><\/div><div  class=\"vc_row wpb_row vc_row-fluid\"><div class=\"wpb_column vc_column_container vc_col-sm-12\"><div class=\"vc_column-inner\"><div class=\"wpb_wrapper\"><div  class =\"integrio_module_spacing\"><div class=\"spacing_size spacing_size-initial\" style=\"height:60px;\"><\/div><\/div>  \n<\/div><\/div><\/div><\/div><div  class=\"vc_row wpb_row vc_row-fluid\"><div class=\"wpb_column vc_column_container vc_col-sm-12\"><div class=\"vc_column-inner\"><div class=\"wpb_wrapper\">\n\t<div class=\"wpb_text_column wpb_content_element\" >\n\t\t<div class=\"wpb_wrapper\">\n\t\t\t<p style=\"text-align: center;\"><strong>Allows you to monitor all sensors, and other devices, with real-time data and perform additional analysis in Qlik's applications.<\/strong><\/p>\n\n\t\t<\/div>\n\t<\/div>\n<\/div><\/div><\/div><\/div><div  class=\"vc_row wpb_row vc_row-fluid\"><div class=\"wpb_column vc_column_container vc_col-sm-12\"><div class=\"vc_column-inner\"><div class=\"wpb_wrapper\"><div  class =\"integrio_module_spacing\"><div class=\"spacing_size spacing_size-initial\" style=\"height:60px;\"><\/div><\/div>  \n<\/div><\/div><\/div><\/div><div  class=\"vc_row wpb_row vc_row-fluid\"><div class=\"wpb_column vc_column_container vc_col-sm-6\"><div class=\"vc_column-inner vc_custom_1606230224469\"><div class=\"wpb_wrapper\"><div id=\"integrio_dbl_69d4d642003f6\" class=\"integrio_module_double_headings aleft\"><div class=\"heading_title\"  style=\"font-size:42px; line-height:1.238; color:#1884a5; \"><h2>F5 analytic extension<\/h2><\/div><\/div>  \n<div  class =\"integrio_module_spacing\"><div class=\"spacing_size spacing_size-initial\" style=\"height:30px;\"><\/div><\/div>  \n\n\t<div class=\"wpb_text_column wpb_content_element\" >\n\t\t<div class=\"wpb_wrapper\">\n\t\t\t<p class=\"translation-block\">Advanced visualization of predictive analysis, which assumes the application of a set of standard algorithms to any data model, immediately and using native Qlik integration with Python.<\/p>\n\n\t\t<\/div>\n\t<\/div>\n\n\t<div  class=\"wpb_single_image wpb_content_element vc_align_right\">\n\t\t\n\t\t<figure class=\"wpb_wrapper vc_figure\">\n\t\t\t<div class=\"vc_single_image-wrapper   vc_box_border_grey\"><img loading=\"lazy\" decoding=\"async\" width=\"225\" height=\"76\" src=\"\/wp-content\/uploads\/2021\/02\/python.png\" class=\"vc_single_image-img attachment-large\" alt=\"python official logo\" srcset=\"\/wp-content\/uploads\/2021\/02\/python.png 225w, \/wp-content\/uploads\/2021\/02\/python-16x5.png 16w\" sizes=\"(max-width: 225px) 100vw, 225px\" \/><\/div>\n\t\t<\/figure>\n\t<\/div>\n<\/div><\/div><\/div><div class=\"wpb_column vc_column_container vc_col-sm-6\"><div class=\"vc_column-inner\"><div class=\"wpb_wrapper\"><div  class =\"integrio_module_spacing\"><div class=\"spacing_size spacing_size-initial\" style=\"height:30px;\"><\/div><\/div>  \n\n\t<div  class=\"wpb_single_image wpb_content_element vc_align_right\">\n\t\t\n\t\t<figure class=\"wpb_wrapper vc_figure\">\n\t\t\t<div class=\"vc_single_image-wrapper   vc_box_border_grey\"><img loading=\"lazy\" decoding=\"async\" width=\"818\" height=\"516\" src=\"\/wp-content\/uploads\/2021\/02\/f5tci-advanced-analytics-extension.jpg\" class=\"vc_single_image-img attachment-large\" alt=\"\" srcset=\"\/wp-content\/uploads\/2021\/02\/f5tci-advanced-analytics-extension.jpg 818w, \/wp-content\/uploads\/2021\/02\/f5tci-advanced-analytics-extension-300x189.jpg 300w, \/wp-content\/uploads\/2021\/02\/f5tci-advanced-analytics-extension-768x484.jpg 768w, \/wp-content\/uploads\/2021\/02\/f5tci-advanced-analytics-extension-16x10.jpg 16w\" sizes=\"(max-width: 818px) 100vw, 818px\" \/><\/div>\n\t\t<\/figure>\n\t<\/div>\n<\/div><\/div><\/div><\/div><div  class=\"vc_row wpb_row vc_row-fluid\"><div class=\"wpb_column vc_column_container vc_col-sm-12\"><div class=\"vc_column-inner\"><div class=\"wpb_wrapper\"><div  class =\"integrio_module_spacing\"><div class=\"spacing_size spacing_size-initial\" style=\"height:60px;\"><\/div><\/div>  \n<\/div><\/div><\/div><\/div><div  class=\"vc_row wpb_row vc_row-fluid\"><div class=\"wpb_column vc_column_container vc_col-sm-12\"><div class=\"vc_column-inner\"><div class=\"wpb_wrapper\"><div  class =\"integrio_module_spacing\"><div class=\"spacing_size spacing_size-initial\" style=\"height:30px;\"><\/div><\/div>  \n<div id=\"integrio_button_69d4d64209799\" class=\"integrio_module_button wgl_button wgl_button-l wgl_button-icon_right btn-gradient acenter\"><a class=\"wgl_button_link\" href=\"https:\/\/f5tci.com\/en\/contacts\/\" title='Contacts'>Contact Us<i class=\"wgl_button-icon flaticon-right-arrow\" ><\/i><span class=\"btn_border_gradient\"><\/span><\/a><\/div>\n<div  class =\"integrio_module_spacing\"><div class=\"spacing_size spacing_size-initial\" style=\"height:30px;\"><\/div><\/div>  \n<\/div><\/div><\/div><\/div>","protected":false},"excerpt":{"rendered":"Industrial Internet of Things - IIoT Plataforma de IoT para permitir a agrega\u00e7\u00e3o dos dados provenientes de diferentes dispositivos e an\u00e1lise em tempo real. Produto constru\u00eddo sobre uma arquitetura de microservi\u00e7os que permite a leitura e integra\u00e7\u00e3o de dados em tempo real, provenientes de sensores e outros dispositivos pass\u00edveis de gerar dados, para visualiza\u00e7\u00e3o dos [...]","protected":false},"author":2,"featured_media":0,"parent":0,"menu_order":0,"comment_status":"closed","ping_status":"closed","template":"","meta":{"footnotes":""},"class_list":["post-15756","page","type-page","status-publish","hentry"],"yoast_head":"<!-- This site is optimized with the Yoast SEO plugin v22.0 - https:\/\/yoast.com\/wordpress\/plugins\/seo\/ -->\n<title>IIoT &amp; Advanced Analytics - F5tci<\/title>\n<meta name=\"robots\" content=\"index, follow, max-snippet:-1, max-image-preview:large, max-video-preview:-1\" \/>\n<link rel=\"canonical\" href=\"https:\/\/www.f5tci.com\/en\/iot-advanced-analytics\/\" \/>\n<meta property=\"og:locale\" content=\"en_GB\" \/>\n<meta property=\"og:type\" content=\"article\" \/>\n<meta property=\"og:title\" content=\"IIoT &amp; Advanced Analytics - F5tci\" \/>\n<meta property=\"og:url\" content=\"https:\/\/www.f5tci.com\/en\/iot-advanced-analytics\/\" \/>\n<meta property=\"og:site_name\" content=\"F5tci\" \/>\n<meta property=\"article:modified_time\" content=\"2022-01-07T10:54:23+00:00\" \/>\n<meta name=\"twitter:card\" content=\"summary_large_image\" \/>\n<meta name=\"twitter:label1\" content=\"Estimated reading time\" \/>\n\t<meta name=\"twitter:data1\" content=\"2 minutes\" \/>\n<script type=\"application\/ld+json\" class=\"yoast-schema-graph\">{\"@context\":\"https:\/\/schema.org\",\"@graph\":[{\"@type\":\"WebPage\",\"@id\":\"https:\/\/www.f5tci.com\/en\/iot-advanced-analytics\/\",\"url\":\"https:\/\/www.f5tci.com\/en\/iot-advanced-analytics\/\",\"name\":\"IIoT & Advanced Analytics - F5tci\",\"isPartOf\":{\"@id\":\"https:\/\/www.f5tci.com\/#website\"},\"datePublished\":\"2020-12-15T10:31:18+00:00\",\"dateModified\":\"2022-01-07T10:54:23+00:00\",\"breadcrumb\":{\"@id\":\"https:\/\/www.f5tci.com\/en\/iot-advanced-analytics\/#breadcrumb\"},\"inLanguage\":\"en-GB\",\"potentialAction\":[{\"@type\":\"ReadAction\",\"target\":[\"https:\/\/www.f5tci.com\/en\/iot-advanced-analytics\/\"]}]},{\"@type\":\"BreadcrumbList\",\"@id\":\"https:\/\/www.f5tci.com\/en\/iot-advanced-analytics\/#breadcrumb\",\"itemListElement\":[{\"@type\":\"ListItem\",\"position\":1,\"name\":\"In\u00edcio\",\"item\":\"https:\/\/www.f5tci.com\/\"},{\"@type\":\"ListItem\",\"position\":2,\"name\":\"IIoT &#038; Advanced Analytics\"}]},{\"@type\":\"WebSite\",\"@id\":\"https:\/\/www.f5tci.com\/#website\",\"url\":\"https:\/\/www.f5tci.com\/\",\"name\":\"F5tci\",\"description\":\"Information For All\",\"publisher\":{\"@id\":\"https:\/\/www.f5tci.com\/#organization\"},\"potentialAction\":[{\"@type\":\"SearchAction\",\"target\":{\"@type\":\"EntryPoint\",\"urlTemplate\":\"https:\/\/www.f5tci.com\/?s={search_term_string}\"},\"query-input\":\"required name=search_term_string\"}],\"inLanguage\":\"en-GB\"},{\"@type\":\"Organization\",\"@id\":\"https:\/\/www.f5tci.com\/#organization\",\"name\":\"F5tci\",\"url\":\"https:\/\/www.f5tci.com\/\",\"logo\":{\"@type\":\"ImageObject\",\"inLanguage\":\"en-GB\",\"@id\":\"https:\/\/www.f5tci.com\/#\/schema\/logo\/image\/\",\"url\":\"https:\/\/www.f5tci.com\/wp-content\/uploads\/2021\/02\/20-anos-f5tci.png\",\"contentUrl\":\"https:\/\/www.f5tci.com\/wp-content\/uploads\/2021\/02\/20-anos-f5tci.png\",\"width\":2347,\"height\":472,\"caption\":\"F5tci\"},\"image\":{\"@id\":\"https:\/\/www.f5tci.com\/#\/schema\/logo\/image\/\"},\"sameAs\":[\"https:\/\/www.linkedin.com\/company\/f5---tecnologias-de-comunica\u00e7\u00e3o-e-informa\u00e7\u00e3o-lda\/\"]}]}<\/script>\n<!-- \/ Yoast SEO plugin. -->","yoast_head_json":{"title":"IIoT & Advanced Analytics - F5tci","robots":{"index":"index","follow":"follow","max-snippet":"max-snippet:-1","max-image-preview":"max-image-preview:large","max-video-preview":"max-video-preview:-1"},"canonical":"https:\/\/www.f5tci.com\/en\/iot-advanced-analytics\/","og_locale":"en_GB","og_type":"article","og_title":"IIoT & Advanced Analytics - F5tci","og_url":"https:\/\/www.f5tci.com\/en\/iot-advanced-analytics\/","og_site_name":"F5tci","article_modified_time":"2022-01-07T10:54:23+00:00","twitter_card":"summary_large_image","twitter_misc":{"Estimated reading time":"2 minutes"},"schema":{"@context":"https:\/\/schema.org","@graph":[{"@type":"WebPage","@id":"https:\/\/www.f5tci.com\/en\/iot-advanced-analytics\/","url":"https:\/\/www.f5tci.com\/en\/iot-advanced-analytics\/","name":"IIoT & Advanced Analytics - F5tci","isPartOf":{"@id":"https:\/\/www.f5tci.com\/#website"},"datePublished":"2020-12-15T10:31:18+00:00","dateModified":"2022-01-07T10:54:23+00:00","breadcrumb":{"@id":"https:\/\/www.f5tci.com\/en\/iot-advanced-analytics\/#breadcrumb"},"inLanguage":"en-GB","potentialAction":[{"@type":"ReadAction","target":["https:\/\/www.f5tci.com\/en\/iot-advanced-analytics\/"]}]},{"@type":"BreadcrumbList","@id":"https:\/\/www.f5tci.com\/en\/iot-advanced-analytics\/#breadcrumb","itemListElement":[{"@type":"ListItem","position":1,"name":"In\u00edcio","item":"https:\/\/www.f5tci.com\/"},{"@type":"ListItem","position":2,"name":"IIoT &#038; Advanced Analytics"}]},{"@type":"WebSite","@id":"https:\/\/www.f5tci.com\/#website","url":"https:\/\/www.f5tci.com\/","name":"F5tci","description":"Information For All","publisher":{"@id":"https:\/\/www.f5tci.com\/#organization"},"potentialAction":[{"@type":"SearchAction","target":{"@type":"EntryPoint","urlTemplate":"https:\/\/www.f5tci.com\/?s={search_term_string}"},"query-input":"required name=search_term_string"}],"inLanguage":"en-GB"},{"@type":"Organization","@id":"https:\/\/www.f5tci.com\/#organization","name":"F5tci","url":"https:\/\/www.f5tci.com\/","logo":{"@type":"ImageObject","inLanguage":"en-GB","@id":"https:\/\/www.f5tci.com\/#\/schema\/logo\/image\/","url":"https:\/\/www.f5tci.com\/wp-content\/uploads\/2021\/02\/20-anos-f5tci.png","contentUrl":"https:\/\/www.f5tci.com\/wp-content\/uploads\/2021\/02\/20-anos-f5tci.png","width":2347,"height":472,"caption":"F5tci"},"image":{"@id":"https:\/\/www.f5tci.com\/#\/schema\/logo\/image\/"},"sameAs":["https:\/\/www.linkedin.com\/company\/f5---tecnologias-de-comunica\u00e7\u00e3o-e-informa\u00e7\u00e3o-lda\/"]}]}},"_links":{"self":[{"href":"https:\/\/f5tci.com\/en\/wp-json\/wp\/v2\/pages\/15756"}],"collection":[{"href":"https:\/\/f5tci.com\/en\/wp-json\/wp\/v2\/pages"}],"about":[{"href":"https:\/\/f5tci.com\/en\/wp-json\/wp\/v2\/types\/page"}],"author":[{"embeddable":true,"href":"https:\/\/f5tci.com\/en\/wp-json\/wp\/v2\/users\/2"}],"replies":[{"embeddable":true,"href":"https:\/\/f5tci.com\/en\/wp-json\/wp\/v2\/comments?post=15756"}],"version-history":[{"count":0,"href":"https:\/\/f5tci.com\/en\/wp-json\/wp\/v2\/pages\/15756\/revisions"}],"wp:attachment":[{"href":"https:\/\/f5tci.com\/en\/wp-json\/wp\/v2\/media?parent=15756"}],"curies":[{"name":"wp","href":"https:\/\/api.w.org\/{rel}","templated":true}]}}