{"id":15583,"date":"2020-12-08T14:49:28","date_gmt":"2020-12-08T14:49:28","guid":{"rendered":"https:\/\/www.f5tci.com\/?page_id=15583"},"modified":"2023-03-21T17:12:24","modified_gmt":"2023-03-21T17:12:24","slug":"digitalsignage","status":"publish","type":"page","link":"https:\/\/f5tci.com\/en\/digitalsignage\/","title":{"rendered":"Digital Signage"},"content":{"rendered":"<div  class=\"vc_row wpb_row vc_row-fluid\"><div class=\"wpb_column vc_column_container vc_col-sm-12\"><div class=\"vc_column-inner\"><div class=\"wpb_wrapper\"><div  class =\"integrio_module_spacing\"><div class=\"spacing_size spacing_size-initial\" style=\"height:70px;\"><\/div><\/div>  \n<\/div><\/div><\/div><\/div><div  class=\"vc_row wpb_row vc_row-fluid\"><div class=\"wpb_column vc_column_container vc_col-sm-6\"><div class=\"vc_column-inner vc_custom_1606230224469\"><div class=\"wpb_wrapper\"><div id=\"integrio_dbl_69da28d85c0d0\" class=\"integrio_module_double_headings aleft\"><div class=\"heading_subtitle\" style=\"font-size:14px; line-height:20px; \"><div>Content Communication System<\/div><\/div><div class=\"heading_title\"  style=\"font-size:42px; line-height:1.238; color:#1884a5; \"><h2>F5 DS &#8211; DIGITAL SIGNAGE<\/h2><\/div><\/div>  \n<div  class =\"integrio_module_spacing\"><div class=\"spacing_size spacing_size-initial\" style=\"height:30px;\"><\/div><\/div>  \n\n\t<div class=\"wpb_text_column wpb_content_element\" >\n\t\t<div class=\"wpb_wrapper\">\n\t\t\t<p>F5 DS allows you to display contents, through monitors and TV sets, with programmed agenda. The content (playlists) can be changed instantly and individually for each monitor or TV. It also allows centralized management of all content and the entire network of screens. Through this solution it is possible to management indicators, internal communications, news, among others.<\/p>\n\n\t\t<\/div>\n\t<\/div>\n<\/div><\/div><\/div><div class=\"wpb_column vc_column_container vc_col-sm-6\"><div class=\"vc_column-inner\"><div class=\"wpb_wrapper\"><div  class =\"integrio_module_spacing\"><div class=\"spacing_size spacing_size-initial\" style=\"height:30px;\"><\/div><\/div>  \n\n\t<div  class=\"wpb_single_image wpb_content_element vc_align_left\">\n\t\t\n\t\t<figure class=\"wpb_wrapper vc_figure\">\n\t\t\t<div class=\"vc_single_image-wrapper   vc_box_border_grey\"><img loading=\"lazy\" decoding=\"async\" width=\"1024\" height=\"472\" src=\"\/wp-content\/uploads\/2021\/02\/f5tci-digital-signage-architecture-1024x472.jpg\" class=\"vc_single_image-img attachment-large\" alt=\"F5tci Digital Signage product architecture\" srcset=\"\/wp-content\/uploads\/2021\/02\/f5tci-digital-signage-architecture-1024x472.jpg 1024w, \/wp-content\/uploads\/2021\/02\/f5tci-digital-signage-architecture-300x138.jpg 300w, \/wp-content\/uploads\/2021\/02\/f5tci-digital-signage-architecture-768x354.jpg 768w, \/wp-content\/uploads\/2021\/02\/f5tci-digital-signage-architecture-16x7.jpg 16w, \/wp-content\/uploads\/2021\/02\/f5tci-digital-signage-architecture.jpg 1472w\" sizes=\"(max-width: 1024px) 100vw, 1024px\" \/><\/div>\n\t\t<\/figure>\n\t<\/div>\n<\/div><\/div><\/div><\/div><div  class=\"vc_row wpb_row vc_row-fluid\"><div class=\"wpb_column vc_column_container vc_col-sm-12\"><div class=\"vc_column-inner\"><div class=\"wpb_wrapper\"><div  class =\"integrio_module_spacing\"><div class=\"spacing_size spacing_size-initial\" style=\"height:60px;\"><\/div><\/div>  \n<\/div><\/div><\/div><\/div><div  class=\"vc_row wpb_row vc_row-fluid\"><div class=\"wpb_column vc_column_container vc_col-sm-12\"><div class=\"vc_column-inner\"><div class=\"wpb_wrapper\"><div id=\"integrio_dbl_69da28d85c9d6\" class=\"integrio_module_double_headings acenter\"><div class=\"heading_title\"  style=\"font-size:42px; line-height:1.238; color:#1884a5; \"><h2>Features<\/h2><\/div><\/div>  \n<\/div><\/div><\/div><\/div><div  class=\"vc_row wpb_row vc_row-fluid\"><div class=\"wpb_column vc_column_container vc_col-sm-12\"><div class=\"vc_column-inner\"><div class=\"wpb_wrapper\"><div  class =\"integrio_module_spacing\"><div class=\"spacing_size spacing_size-initial\" style=\"height:15px;\"><\/div><\/div>  \n<\/div><\/div><\/div><\/div><div  class=\"vc_row wpb_row vc_row-fluid\"><div class=\"wpb_column vc_column_container vc_col-sm-3\"><div class=\"vc_column-inner\"><div class=\"wpb_wrapper\"><div  class =\"integrio_module_spacing\"><div class=\"spacing_size spacing_size-initial\" style=\"height:30px;\"><\/div><\/div>  \n<div class=\"integrio_module_services service_fade acenter bg_front_frame\"><div class=\"services_wrapper\"><div class=\"services_front\" style=\"border-color:rgba(255,255,255,0.3);\"><div class=\"services_icon_wrapper\"><div class=\"services_icon\" ><img decoding=\"async\" src=\"\/wp-content\/uploads\/2021\/02\/f5tci-digital-signage-configuration.png\" alt=\"F5tci Digital Signage configuration\"  \/><\/div><\/div><h5 class=\"services_title\" style=\"color:#1884a5;\">Configuration<\/h5><div class=\"services_descr\" style=\"color:#898989;\">of network monitors<\/div><\/div><div class=\"services_back\" style=\"background:rgba(255,255,255,0.01);\"><\/div><\/div><\/div><div  class =\"integrio_module_spacing\"><div class=\"spacing_size spacing_size-initial\" style=\"height:15px;\"><\/div><\/div>  \n<\/div><\/div><\/div><div class=\"wpb_column vc_column_container vc_col-sm-3\"><div class=\"vc_column-inner\"><div class=\"wpb_wrapper\"><div  class =\"integrio_module_spacing\"><div class=\"spacing_size spacing_size-initial\" style=\"height:30px;\"><\/div><\/div>  \n<div class=\"integrio_module_services service_fade acenter bg_front_frame\"><div class=\"services_wrapper\"><div class=\"services_front\" style=\"border-color:rgba(255,255,255,0.3);\"><div class=\"services_icon_wrapper\"><div class=\"services_icon\" ><img decoding=\"async\" src=\"\/wp-content\/uploads\/2021\/02\/f5tci-digital-signage-agenda-2.png\" alt=\"F5tci Digital Signage agenda\"  \/><\/div><\/div><h5 class=\"services_title\" style=\"color:#1884a5;\">Agenda<\/h5><div class=\"services_descr\" style=\"color:#898989;\">customized for each monitor, with replication option<\/div><\/div><div class=\"services_back\" style=\"background:rgba(255,255,255,0.01);\"><\/div><\/div><\/div><div  class =\"integrio_module_spacing\"><div class=\"spacing_size spacing_size-initial\" style=\"height:15px;\"><\/div><\/div>  \n<\/div><\/div><\/div><div class=\"wpb_column vc_column_container vc_col-sm-3\"><div class=\"vc_column-inner\"><div class=\"wpb_wrapper\"><div  class =\"integrio_module_spacing\"><div class=\"spacing_size spacing_size-initial\" style=\"height:30px;\"><\/div><\/div>  \n<div class=\"integrio_module_services service_fade acenter bg_front_frame\"><div class=\"services_wrapper\"><div class=\"services_front\" style=\"border-color:rgba(255,255,255,0.3);\"><div class=\"services_icon_wrapper\"><div class=\"services_icon\" ><img decoding=\"async\" src=\"\/wp-content\/uploads\/2021\/02\/f5tci-digital-signage-templates-2.png\" alt=\"F5tci Digital Signage templates\"  \/><\/div><\/div><h5 class=\"services_title\" style=\"color:#1884a5;\">Templates<\/h5><div class=\"services_descr\" style=\"color:#898989;\">templates built with different contents<\/div><\/div><div class=\"services_back\" style=\"background:rgba(255,255,255,0.01);\"><\/div><\/div><\/div><div  class =\"integrio_module_spacing\"><div class=\"spacing_size spacing_size-initial\" style=\"height:15px;\"><\/div><\/div>  \n<\/div><\/div><\/div><div class=\"wpb_column vc_column_container vc_col-sm-3\"><div class=\"vc_column-inner\"><div class=\"wpb_wrapper\"><div  class =\"integrio_module_spacing\"><div class=\"spacing_size spacing_size-initial\" style=\"height:30px;\"><\/div><\/div>  \n<div class=\"integrio_module_services service_fade acenter bg_front_frame\"><div class=\"services_wrapper\"><div class=\"services_front\" style=\"border-color:rgba(255,255,255,0.3);\"><div class=\"services_icon_wrapper\"><div class=\"services_icon\" ><img decoding=\"async\" src=\"\/wp-content\/uploads\/2021\/02\/f5tci-digital-signage-playlist-2.png\" alt=\"F5tci Digital Signage playlist\"  \/><\/div><\/div><h5 class=\"services_title\" style=\"color:#1884a5;\">Playlist<\/h5><div class=\"services_descr\" style=\"color:#898989;\">playlists with different types of content (URL | PDF | YouTube | Image<\/div><\/div><div class=\"services_back\" style=\"background:rgba(255,255,255,0.01);\"><\/div><\/div><\/div><div  class =\"integrio_module_spacing\"><div class=\"spacing_size spacing_size-initial\" style=\"height:15px;\"><\/div><\/div>  \n<\/div><\/div><\/div><\/div><div  class=\"vc_row wpb_row vc_row-fluid\"><div class=\"wpb_column vc_column_container vc_col-sm-6\"><div class=\"vc_column-inner\"><div class=\"wpb_wrapper\"><div  class =\"integrio_module_spacing\"><div class=\"spacing_size spacing_size-initial\" style=\"height:30px;\"><\/div><\/div>  \n<div class=\"integrio_module_button wgl_button wgl_button-l wgl_button-icon_right acenter\"><a class=\"wgl_button_link\" href=\"https:\/\/www.f5tci.com\/wp-content\/uploads\/2023\/06\/Flyer-DS-Eng-Version.pdf\" title='Know more' target=\" _blank\">Know more<i class=\"wgl_button-icon flaticon-exam\" ><\/i><\/a><\/div>\n<div  class =\"integrio_module_spacing\"><div class=\"spacing_size spacing_size-initial\" style=\"height:30px;\"><\/div><\/div>  \n<\/div><\/div><\/div><div class=\"wpb_column vc_column_container vc_col-sm-6\"><div class=\"vc_column-inner\"><div class=\"wpb_wrapper\"><div  class =\"integrio_module_spacing\"><div class=\"spacing_size spacing_size-initial\" style=\"height:30px;\"><\/div><\/div>  \n<div id=\"integrio_button_69da28d8638fa\" class=\"integrio_module_button wgl_button wgl_button-l wgl_button-icon_right btn-gradient acenter\"><a class=\"wgl_button_link\" href=\"https:\/\/f5tci.com\/en\/contacts\/\" title='Contacts'>Contact Us<i class=\"wgl_button-icon flaticon-right-arrow\" ><\/i><span class=\"btn_border_gradient\"><\/span><\/a><\/div>\n<div  class =\"integrio_module_spacing\"><div class=\"spacing_size spacing_size-initial\" style=\"height:30px;\"><\/div><\/div>  \n<\/div><\/div><\/div><\/div><div  class=\"vc_row wpb_row vc_row-fluid\"><div class=\"wpb_column vc_column_container vc_col-sm-12\"><div class=\"vc_column-inner\"><div class=\"wpb_wrapper\"><\/div><\/div><\/div><\/div>","protected":false},"excerpt":{"rendered":"Sistema de Comunica\u00e7\u00e3o de Cont\u00e9udosF5 DS - DIGITAL SIGNAGE O F5 DS permite transmitir conte\u00fados, atrav\u00e9s de monitores e televisores, com agenda programada. A altera\u00e7\u00e3o aos conte\u00fados (Playlists) pode ser feita instantaneamente e de forma individualizada para cada monitor ou televisor. Permite ainda uma gest\u00e3o centralizada de todos os conte\u00fados e de toda a rede [...]","protected":false},"author":2,"featured_media":0,"parent":0,"menu_order":0,"comment_status":"closed","ping_status":"closed","template":"","meta":{"footnotes":""},"class_list":["post-15583","page","type-page","status-publish","hentry"],"yoast_head":"<!-- This site is optimized with the Yoast SEO plugin v22.0 - https:\/\/yoast.com\/wordpress\/plugins\/seo\/ -->\n<title>F5tci Digital Signage - o sistema de comunica\u00e7\u00e3o de conte\u00fados<\/title>\n<meta name=\"robots\" content=\"index, follow, max-snippet:-1, max-image-preview:large, max-video-preview:-1\" \/>\n<link rel=\"canonical\" href=\"https:\/\/www.f5tci.com\/digitalsignage\/\" \/>\n<meta property=\"og:locale\" content=\"en_GB\" \/>\n<meta property=\"og:type\" content=\"article\" \/>\n<meta property=\"og:title\" content=\"F5tci Digital Signage - o sistema de comunica\u00e7\u00e3o de conte\u00fados\" \/>\n<meta property=\"og:url\" content=\"https:\/\/www.f5tci.com\/digitalsignage\/\" \/>\n<meta property=\"og:site_name\" content=\"F5tci\" \/>\n<meta property=\"article:modified_time\" content=\"2023-03-21T17:12:24+00:00\" \/>\n<meta name=\"twitter:card\" content=\"summary_large_image\" \/>\n<meta name=\"twitter:label1\" content=\"Estimated reading time\" \/>\n\t<meta name=\"twitter:data1\" content=\"2 minutes\" \/>\n<script type=\"application\/ld+json\" class=\"yoast-schema-graph\">{\"@context\":\"https:\/\/schema.org\",\"@graph\":[{\"@type\":\"WebPage\",\"@id\":\"https:\/\/www.f5tci.com\/digitalsignage\/\",\"url\":\"https:\/\/www.f5tci.com\/digitalsignage\/\",\"name\":\"F5tci Digital Signage - o sistema de comunica\u00e7\u00e3o de conte\u00fados\",\"isPartOf\":{\"@id\":\"https:\/\/f5tci.com\/#website\"},\"datePublished\":\"2020-12-08T14:49:28+00:00\",\"dateModified\":\"2023-03-21T17:12:24+00:00\",\"breadcrumb\":{\"@id\":\"https:\/\/www.f5tci.com\/digitalsignage\/#breadcrumb\"},\"inLanguage\":\"en-GB\",\"potentialAction\":[{\"@type\":\"ReadAction\",\"target\":[\"https:\/\/www.f5tci.com\/digitalsignage\/\"]}]},{\"@type\":\"BreadcrumbList\",\"@id\":\"https:\/\/www.f5tci.com\/digitalsignage\/#breadcrumb\",\"itemListElement\":[{\"@type\":\"ListItem\",\"position\":1,\"name\":\"In\u00edcio\",\"item\":\"https:\/\/f5tci.com\/\"},{\"@type\":\"ListItem\",\"position\":2,\"name\":\"Digital Signage\"}]},{\"@type\":\"WebSite\",\"@id\":\"https:\/\/f5tci.com\/#website\",\"url\":\"https:\/\/f5tci.com\/\",\"name\":\"F5tci\",\"description\":\"Information For All\",\"publisher\":{\"@id\":\"https:\/\/f5tci.com\/#organization\"},\"potentialAction\":[{\"@type\":\"SearchAction\",\"target\":{\"@type\":\"EntryPoint\",\"urlTemplate\":\"https:\/\/f5tci.com\/?s={search_term_string}\"},\"query-input\":\"required name=search_term_string\"}],\"inLanguage\":\"en-GB\"},{\"@type\":\"Organization\",\"@id\":\"https:\/\/f5tci.com\/#organization\",\"name\":\"F5tci\",\"url\":\"https:\/\/f5tci.com\/\",\"logo\":{\"@type\":\"ImageObject\",\"inLanguage\":\"en-GB\",\"@id\":\"https:\/\/f5tci.com\/#\/schema\/logo\/image\/\",\"url\":\"https:\/\/www.f5tci.com\/wp-content\/uploads\/2021\/02\/20-anos-f5tci.png\",\"contentUrl\":\"https:\/\/www.f5tci.com\/wp-content\/uploads\/2021\/02\/20-anos-f5tci.png\",\"width\":2347,\"height\":472,\"caption\":\"F5tci\"},\"image\":{\"@id\":\"https:\/\/f5tci.com\/#\/schema\/logo\/image\/\"},\"sameAs\":[\"https:\/\/www.linkedin.com\/company\/f5---tecnologias-de-comunica\u00e7\u00e3o-e-informa\u00e7\u00e3o-lda\/\"]}]}<\/script>\n<!-- \/ Yoast SEO plugin. -->","yoast_head_json":{"title":"F5tci Digital Signage - o sistema de comunica\u00e7\u00e3o de conte\u00fados","robots":{"index":"index","follow":"follow","max-snippet":"max-snippet:-1","max-image-preview":"max-image-preview:large","max-video-preview":"max-video-preview:-1"},"canonical":"https:\/\/www.f5tci.com\/digitalsignage\/","og_locale":"en_GB","og_type":"article","og_title":"F5tci Digital Signage - o sistema de comunica\u00e7\u00e3o de conte\u00fados","og_url":"https:\/\/www.f5tci.com\/digitalsignage\/","og_site_name":"F5tci","article_modified_time":"2023-03-21T17:12:24+00:00","twitter_card":"summary_large_image","twitter_misc":{"Estimated reading time":"2 minutes"},"schema":{"@context":"https:\/\/schema.org","@graph":[{"@type":"WebPage","@id":"https:\/\/www.f5tci.com\/digitalsignage\/","url":"https:\/\/www.f5tci.com\/digitalsignage\/","name":"F5tci Digital Signage - o sistema de comunica\u00e7\u00e3o de conte\u00fados","isPartOf":{"@id":"https:\/\/f5tci.com\/#website"},"datePublished":"2020-12-08T14:49:28+00:00","dateModified":"2023-03-21T17:12:24+00:00","breadcrumb":{"@id":"https:\/\/www.f5tci.com\/digitalsignage\/#breadcrumb"},"inLanguage":"en-GB","potentialAction":[{"@type":"ReadAction","target":["https:\/\/www.f5tci.com\/digitalsignage\/"]}]},{"@type":"BreadcrumbList","@id":"https:\/\/www.f5tci.com\/digitalsignage\/#breadcrumb","itemListElement":[{"@type":"ListItem","position":1,"name":"In\u00edcio","item":"https:\/\/f5tci.com\/"},{"@type":"ListItem","position":2,"name":"Digital Signage"}]},{"@type":"WebSite","@id":"https:\/\/f5tci.com\/#website","url":"https:\/\/f5tci.com\/","name":"F5tci","description":"Information For All","publisher":{"@id":"https:\/\/f5tci.com\/#organization"},"potentialAction":[{"@type":"SearchAction","target":{"@type":"EntryPoint","urlTemplate":"https:\/\/f5tci.com\/?s={search_term_string}"},"query-input":"required name=search_term_string"}],"inLanguage":"en-GB"},{"@type":"Organization","@id":"https:\/\/f5tci.com\/#organization","name":"F5tci","url":"https:\/\/f5tci.com\/","logo":{"@type":"ImageObject","inLanguage":"en-GB","@id":"https:\/\/f5tci.com\/#\/schema\/logo\/image\/","url":"https:\/\/www.f5tci.com\/wp-content\/uploads\/2021\/02\/20-anos-f5tci.png","contentUrl":"https:\/\/www.f5tci.com\/wp-content\/uploads\/2021\/02\/20-anos-f5tci.png","width":2347,"height":472,"caption":"F5tci"},"image":{"@id":"https:\/\/f5tci.com\/#\/schema\/logo\/image\/"},"sameAs":["https:\/\/www.linkedin.com\/company\/f5---tecnologias-de-comunica\u00e7\u00e3o-e-informa\u00e7\u00e3o-lda\/"]}]}},"_links":{"self":[{"href":"https:\/\/f5tci.com\/en\/wp-json\/wp\/v2\/pages\/15583"}],"collection":[{"href":"https:\/\/f5tci.com\/en\/wp-json\/wp\/v2\/pages"}],"about":[{"href":"https:\/\/f5tci.com\/en\/wp-json\/wp\/v2\/types\/page"}],"author":[{"embeddable":true,"href":"https:\/\/f5tci.com\/en\/wp-json\/wp\/v2\/users\/2"}],"replies":[{"embeddable":true,"href":"https:\/\/f5tci.com\/en\/wp-json\/wp\/v2\/comments?post=15583"}],"version-history":[{"count":0,"href":"https:\/\/f5tci.com\/en\/wp-json\/wp\/v2\/pages\/15583\/revisions"}],"wp:attachment":[{"href":"https:\/\/f5tci.com\/en\/wp-json\/wp\/v2\/media?parent=15583"}],"curies":[{"name":"wp","href":"https:\/\/api.w.org\/{rel}","templated":true}]}}