{"id":15116,"date":"2020-11-13T11:51:40","date_gmt":"2020-11-13T11:51:40","guid":{"rendered":"https:\/\/www.f5tci.com\/?page_id=15116"},"modified":"2022-01-06T16:21:54","modified_gmt":"2022-01-06T16:21:54","slug":"nprinting","status":"publish","type":"page","link":"https:\/\/f5tci.com\/en\/nprinting\/","title":{"rendered":"Qlik NPrinting\u00ae"},"content":{"rendered":"<div  class=\"vc_row wpb_row vc_row-fluid\"><div class=\"wpb_column vc_column_container vc_col-sm-12\"><div class=\"vc_column-inner\"><div class=\"wpb_wrapper\"><div  class =\"integrio_module_spacing\"><div class=\"spacing_size spacing_size-initial\" style=\"height:70px;\"><\/div><\/div>  \n<\/div><\/div><\/div><\/div><div  class=\"vc_row wpb_row vc_row-fluid\"><div class=\"wpb_column vc_column_container vc_col-sm-6\"><div class=\"vc_column-inner vc_custom_1606230224469\"><div class=\"wpb_wrapper\"><div id=\"integrio_dbl_69d7969dd69a5\" class=\"integrio_module_double_headings aleft\"><div class=\"heading_subtitle\" style=\"font-size:16px; line-height:20px; \"><div>Power up analytics with flexible and dynamic reports.<\/div><\/div><div class=\"heading_title\"  style=\"font-size:42px; line-height:1.238; color:#1884a5; \"><h2>Qlik NPrinting\u00ae | Enterprise Reporting<\/h2><\/div><\/div>  \n<div  class =\"integrio_module_spacing\"><div class=\"spacing_size spacing_size-initial\" style=\"height:30px;\"><\/div><\/div>  \n\n\t<div class=\"wpb_text_column wpb_content_element\" >\n\t\t<div class=\"wpb_wrapper\">\n\t\t\t<p>Qlik NPrinting provides an enterprise reporting solution. With Qlik NPrinting it is possible to create professional grade reports from all popular formats (Word, Excel, PowerPoint, Pdf), with multiple combinations of Qlik Sense and QlikView objects, giving you all the text and graphics resolution, formatting, and sizing you want and need.<\/p>\n<p>Qlik NPrinting let you centrally schedule, generate and deliver custom reports via email, your corporate directory, the web, Qlik NPrinting NewsStand portal, or to the Qlik Sense hub.<\/p>\n\n\t\t<\/div>\n\t<\/div>\n<\/div><\/div><\/div><div class=\"wpb_column vc_column_container vc_col-sm-6\"><div class=\"vc_column-inner\"><div class=\"wpb_wrapper\"><div  class =\"integrio_module_spacing\"><div class=\"spacing_size spacing_size-initial\" style=\"height:30px;\"><\/div><\/div>  \n\n\t<div class=\"wpb_video_widget wpb_content_element vc_clearfix   vc_video-aspect-ratio-169 vc_video-el-width-100 vc_video-align-center\" >\n\t\t<div class=\"wpb_wrapper\">\n\t\t\t\n\t\t\t<div class=\"wpb_video_wrapper\"><iframe loading=\"lazy\" title=\"Qlik NPrinting Product Tour\" width=\"500\" height=\"281\" src=\"https:\/\/www.youtube.com\/embed\/Z5dusmLj3tY?list=PLkRFvjyuHFvJOfrf76UruouVJ7DMAn4uq\" frameborder=\"0\" allow=\"accelerometer; autoplay; clipboard-write; encrypted-media; gyroscope; picture-in-picture; web-share\" referrerpolicy=\"strict-origin-when-cross-origin\" allowfullscreen><\/iframe><\/div>\n\t\t<\/div>\n\t<\/div>\n<\/div><\/div><\/div><\/div><div  class=\"vc_row wpb_row vc_row-fluid\"><div class=\"wpb_column vc_column_container vc_col-sm-12\"><div class=\"vc_column-inner\"><div class=\"wpb_wrapper\"><div  class =\"integrio_module_spacing\"><div class=\"spacing_size spacing_size-initial\" style=\"height:60px;\"><\/div><\/div>  \n<\/div><\/div><\/div><\/div><div  class=\"vc_row wpb_row vc_row-fluid\"><div class=\"wpb_column vc_column_container vc_col-sm-12\"><div class=\"vc_column-inner\"><div class=\"wpb_wrapper\"><div  class =\"integrio_module_spacing\"><div class=\"spacing_size spacing_size-initial\" style=\"height:30px;\"><\/div><\/div>  \n<div id=\"integrio_dbl_69d7969de4e4d\" class=\"integrio_module_double_headings acenter\"><div class=\"heading_title\"  style=\"font-size:42px; line-height:1.238; color:#707070; \"><h3>Advantages<\/h3><\/div><\/div>  \n<div  class =\"integrio_module_spacing\"><div class=\"spacing_size spacing_size-initial\" style=\"height:30px;\"><\/div><\/div>  \n<\/div><\/div><\/div><\/div><div  class=\"vc_row wpb_row vc_row-fluid\"><div class=\"wpb_column vc_column_container vc_col-sm-12\"><div class=\"vc_column-inner\"><div class=\"wpb_wrapper\">\n\t<div  class=\"wpb_single_image wpb_content_element vc_align_center\">\n\t\t\n\t\t<figure class=\"wpb_wrapper vc_figure\">\n\t\t\t<div class=\"vc_single_image-wrapper   vc_box_border_grey\"><img loading=\"lazy\" decoding=\"async\" width=\"1024\" height=\"508\" src=\"\/wp-content\/uploads\/2021\/02\/nprinting-enterprise-reporting-architecture-1024x508.jpg\" class=\"vc_single_image-img attachment-large\" alt=\"\" srcset=\"\/wp-content\/uploads\/2021\/02\/nprinting-enterprise-reporting-architecture-1024x508.jpg 1024w, \/wp-content\/uploads\/2021\/02\/nprinting-enterprise-reporting-architecture-300x149.jpg 300w, \/wp-content\/uploads\/2021\/02\/nprinting-enterprise-reporting-architecture-768x381.jpg 768w, \/wp-content\/uploads\/2021\/02\/nprinting-enterprise-reporting-architecture-16x8.jpg 16w, \/wp-content\/uploads\/2021\/02\/nprinting-enterprise-reporting-architecture.jpg 1436w\" sizes=\"(max-width: 1024px) 100vw, 1024px\" \/><\/div>\n\t\t<\/figure>\n\t<\/div>\n<\/div><\/div><\/div><\/div><div  class=\"vc_row wpb_row vc_row-fluid\"><div class=\"wpb_column vc_column_container vc_col-sm-12\"><div class=\"vc_column-inner\"><div class=\"wpb_wrapper\"><div  class =\"integrio_module_spacing\"><div class=\"spacing_size spacing_size-initial\" style=\"height:60px;\"><\/div><\/div>  \n<\/div><\/div><\/div><\/div><div  class=\"vc_row wpb_row vc_row-fluid\"><div class=\"wpb_column vc_column_container vc_col-sm-12\"><div class=\"vc_column-inner\"><div class=\"wpb_wrapper\"><div  class =\"integrio_module_spacing\"><div class=\"spacing_size spacing_size-initial\" style=\"height:30px;\"><\/div><\/div>  \n<div id=\"integrio_button_69d7969dea327\" class=\"integrio_module_button wgl_button wgl_button-l wgl_button-icon_right btn-gradient acenter\"><a class=\"wgl_button_link\" href=\"https:\/\/f5tci.com\/en\/contacts\/\" title='Contact Us'>Contact Us<i class=\"wgl_button-icon flaticon-right-arrow\" ><\/i><span class=\"btn_border_gradient\"><\/span><\/a><\/div>\n<div  class =\"integrio_module_spacing\"><div class=\"spacing_size spacing_size-initial\" style=\"height:30px;\"><\/div><\/div>  \n<\/div><\/div><\/div><\/div>","protected":false},"excerpt":{"rendered":"Potencie a sua an\u00e1lise com relat\u00f3rios flex\u00edveis e din\u00e2micosQlik NPrinting\u00ae | Enterprise Reporting O Qlik NPrinting permite a cria\u00e7\u00e3o e gest\u00e3o de relat\u00f3rios com base em an\u00e1lises do Qlik Sense e QlikView e oferece \u00e0 organiza\u00e7\u00e3o uma solu\u00e7\u00e3o corporativa para difus\u00e3o \u00e1gil da informa\u00e7\u00e3o. Com esta solu\u00e7\u00e3o \u00e9 poss\u00edvel a cria\u00e7\u00e3o de relat\u00f3rios de formato [...]","protected":false},"author":2,"featured_media":0,"parent":0,"menu_order":0,"comment_status":"closed","ping_status":"closed","template":"","meta":{"footnotes":""},"class_list":["post-15116","page","type-page","status-publish","hentry"],"yoast_head":"<!-- This site is optimized with the Yoast SEO plugin v22.0 - https:\/\/yoast.com\/wordpress\/plugins\/seo\/ -->\n<title>Qlik NPrinting\u00ae - F5tci<\/title>\n<meta name=\"robots\" content=\"index, follow, max-snippet:-1, max-image-preview:large, max-video-preview:-1\" \/>\n<link rel=\"canonical\" href=\"https:\/\/www.f5tci.com\/nprinting\/\" \/>\n<meta property=\"og:locale\" content=\"en_GB\" \/>\n<meta property=\"og:type\" content=\"article\" \/>\n<meta property=\"og:title\" content=\"Qlik NPrinting\u00ae - F5tci\" \/>\n<meta property=\"og:url\" content=\"https:\/\/www.f5tci.com\/nprinting\/\" \/>\n<meta property=\"og:site_name\" content=\"F5tci\" \/>\n<meta property=\"article:modified_time\" content=\"2022-01-06T16:21:54+00:00\" \/>\n<meta name=\"twitter:card\" content=\"summary_large_image\" \/>\n<meta name=\"twitter:label1\" content=\"Estimated reading time\" \/>\n\t<meta name=\"twitter:data1\" content=\"1 minute\" \/>\n<script type=\"application\/ld+json\" class=\"yoast-schema-graph\">{\"@context\":\"https:\/\/schema.org\",\"@graph\":[{\"@type\":\"WebPage\",\"@id\":\"https:\/\/www.f5tci.com\/nprinting\/\",\"url\":\"https:\/\/www.f5tci.com\/nprinting\/\",\"name\":\"Qlik NPrinting\u00ae - F5tci\",\"isPartOf\":{\"@id\":\"https:\/\/f5tci.com\/#website\"},\"datePublished\":\"2020-11-13T11:51:40+00:00\",\"dateModified\":\"2022-01-06T16:21:54+00:00\",\"breadcrumb\":{\"@id\":\"https:\/\/www.f5tci.com\/nprinting\/#breadcrumb\"},\"inLanguage\":\"en-GB\",\"potentialAction\":[{\"@type\":\"ReadAction\",\"target\":[\"https:\/\/www.f5tci.com\/nprinting\/\"]}]},{\"@type\":\"BreadcrumbList\",\"@id\":\"https:\/\/www.f5tci.com\/nprinting\/#breadcrumb\",\"itemListElement\":[{\"@type\":\"ListItem\",\"position\":1,\"name\":\"In\u00edcio\",\"item\":\"https:\/\/f5tci.com\/\"},{\"@type\":\"ListItem\",\"position\":2,\"name\":\"Qlik NPrinting\u00ae\"}]},{\"@type\":\"WebSite\",\"@id\":\"https:\/\/f5tci.com\/#website\",\"url\":\"https:\/\/f5tci.com\/\",\"name\":\"F5tci\",\"description\":\"Information For All\",\"publisher\":{\"@id\":\"https:\/\/f5tci.com\/#organization\"},\"potentialAction\":[{\"@type\":\"SearchAction\",\"target\":{\"@type\":\"EntryPoint\",\"urlTemplate\":\"https:\/\/f5tci.com\/?s={search_term_string}\"},\"query-input\":\"required name=search_term_string\"}],\"inLanguage\":\"en-GB\"},{\"@type\":\"Organization\",\"@id\":\"https:\/\/f5tci.com\/#organization\",\"name\":\"F5tci\",\"url\":\"https:\/\/f5tci.com\/\",\"logo\":{\"@type\":\"ImageObject\",\"inLanguage\":\"en-GB\",\"@id\":\"https:\/\/f5tci.com\/#\/schema\/logo\/image\/\",\"url\":\"https:\/\/www.f5tci.com\/wp-content\/uploads\/2021\/02\/20-anos-f5tci.png\",\"contentUrl\":\"https:\/\/www.f5tci.com\/wp-content\/uploads\/2021\/02\/20-anos-f5tci.png\",\"width\":2347,\"height\":472,\"caption\":\"F5tci\"},\"image\":{\"@id\":\"https:\/\/f5tci.com\/#\/schema\/logo\/image\/\"},\"sameAs\":[\"https:\/\/www.linkedin.com\/company\/f5---tecnologias-de-comunica\u00e7\u00e3o-e-informa\u00e7\u00e3o-lda\/\"]}]}<\/script>\n<!-- \/ Yoast SEO plugin. -->","yoast_head_json":{"title":"Qlik NPrinting\u00ae - F5tci","robots":{"index":"index","follow":"follow","max-snippet":"max-snippet:-1","max-image-preview":"max-image-preview:large","max-video-preview":"max-video-preview:-1"},"canonical":"https:\/\/www.f5tci.com\/nprinting\/","og_locale":"en_GB","og_type":"article","og_title":"Qlik NPrinting\u00ae - F5tci","og_url":"https:\/\/www.f5tci.com\/nprinting\/","og_site_name":"F5tci","article_modified_time":"2022-01-06T16:21:54+00:00","twitter_card":"summary_large_image","twitter_misc":{"Estimated reading time":"1 minute"},"schema":{"@context":"https:\/\/schema.org","@graph":[{"@type":"WebPage","@id":"https:\/\/www.f5tci.com\/nprinting\/","url":"https:\/\/www.f5tci.com\/nprinting\/","name":"Qlik NPrinting\u00ae - F5tci","isPartOf":{"@id":"https:\/\/f5tci.com\/#website"},"datePublished":"2020-11-13T11:51:40+00:00","dateModified":"2022-01-06T16:21:54+00:00","breadcrumb":{"@id":"https:\/\/www.f5tci.com\/nprinting\/#breadcrumb"},"inLanguage":"en-GB","potentialAction":[{"@type":"ReadAction","target":["https:\/\/www.f5tci.com\/nprinting\/"]}]},{"@type":"BreadcrumbList","@id":"https:\/\/www.f5tci.com\/nprinting\/#breadcrumb","itemListElement":[{"@type":"ListItem","position":1,"name":"In\u00edcio","item":"https:\/\/f5tci.com\/"},{"@type":"ListItem","position":2,"name":"Qlik NPrinting\u00ae"}]},{"@type":"WebSite","@id":"https:\/\/f5tci.com\/#website","url":"https:\/\/f5tci.com\/","name":"F5tci","description":"Information For All","publisher":{"@id":"https:\/\/f5tci.com\/#organization"},"potentialAction":[{"@type":"SearchAction","target":{"@type":"EntryPoint","urlTemplate":"https:\/\/f5tci.com\/?s={search_term_string}"},"query-input":"required name=search_term_string"}],"inLanguage":"en-GB"},{"@type":"Organization","@id":"https:\/\/f5tci.com\/#organization","name":"F5tci","url":"https:\/\/f5tci.com\/","logo":{"@type":"ImageObject","inLanguage":"en-GB","@id":"https:\/\/f5tci.com\/#\/schema\/logo\/image\/","url":"https:\/\/www.f5tci.com\/wp-content\/uploads\/2021\/02\/20-anos-f5tci.png","contentUrl":"https:\/\/www.f5tci.com\/wp-content\/uploads\/2021\/02\/20-anos-f5tci.png","width":2347,"height":472,"caption":"F5tci"},"image":{"@id":"https:\/\/f5tci.com\/#\/schema\/logo\/image\/"},"sameAs":["https:\/\/www.linkedin.com\/company\/f5---tecnologias-de-comunica\u00e7\u00e3o-e-informa\u00e7\u00e3o-lda\/"]}]}},"_links":{"self":[{"href":"https:\/\/f5tci.com\/en\/wp-json\/wp\/v2\/pages\/15116"}],"collection":[{"href":"https:\/\/f5tci.com\/en\/wp-json\/wp\/v2\/pages"}],"about":[{"href":"https:\/\/f5tci.com\/en\/wp-json\/wp\/v2\/types\/page"}],"author":[{"embeddable":true,"href":"https:\/\/f5tci.com\/en\/wp-json\/wp\/v2\/users\/2"}],"replies":[{"embeddable":true,"href":"https:\/\/f5tci.com\/en\/wp-json\/wp\/v2\/comments?post=15116"}],"version-history":[{"count":0,"href":"https:\/\/f5tci.com\/en\/wp-json\/wp\/v2\/pages\/15116\/revisions"}],"wp:attachment":[{"href":"https:\/\/f5tci.com\/en\/wp-json\/wp\/v2\/media?parent=15116"}],"curies":[{"name":"wp","href":"https:\/\/api.w.org\/{rel}","templated":true}]}}