{"id":15114,"date":"2020-11-13T11:51:23","date_gmt":"2020-11-13T11:51:23","guid":{"rendered":"https:\/\/www.f5tci.com\/?page_id=15114"},"modified":"2024-02-06T15:24:49","modified_gmt":"2024-02-06T15:24:49","slug":"qlikview","status":"publish","type":"page","link":"https:\/\/f5tci.com\/en\/qlikview\/","title":{"rendered":"QlikView\u00ae"},"content":{"rendered":"<div  class=\"vc_row wpb_row vc_row-fluid\"><div class=\"wpb_column vc_column_container vc_col-sm-12\"><div class=\"vc_column-inner\"><div class=\"wpb_wrapper\"><div  class =\"integrio_module_spacing\"><div class=\"spacing_size spacing_size-initial\" style=\"height:70px;\"><\/div><\/div>  \n<\/div><\/div><\/div><\/div><div  class=\"vc_row wpb_row vc_row-fluid\"><div class=\"wpb_column vc_column_container vc_col-sm-6\"><div class=\"vc_column-inner vc_custom_1606230224469\"><div class=\"wpb_wrapper\"><div id=\"integrio_dbl_69d4bd4b8163d\" class=\"integrio_module_double_headings aleft\"><div class=\"heading_title\"  style=\"font-size:42px; line-height:1.238; color:#1884a5; \"><h2>Migration from QlikView to Qlik Sense<\/h2><\/div><\/div>  \n<div  class =\"integrio_module_spacing\"><div class=\"spacing_size spacing_size-initial\" style=\"height:30px;\"><\/div><\/div>  \n\n\t<div class=\"wpb_text_column wpb_content_element\" >\n\t\t<div class=\"wpb_wrapper\">\n\t\t\t<p class=\"translation-block\">Classic analytics solution, built on <b>Qlik associative engine<\/b>. For two decades, its innovative technology, associated with dynamic and intuitive visualizations, has marked a generation and helped customers around the world to get more value from their data.<\/p>\n\n\t\t<\/div>\n\t<\/div>\n<\/div><\/div><\/div><div class=\"wpb_column vc_column_container vc_col-sm-6\"><div class=\"vc_column-inner\"><div class=\"wpb_wrapper\"><div  class =\"integrio_module_spacing\"><div class=\"spacing_size spacing_size-initial\" style=\"height:30px;\"><\/div><\/div>  \n\n\t<div class=\"wpb_video_widget wpb_content_element vc_clearfix   vc_video-aspect-ratio-169 vc_video-el-width-100 vc_video-align-center\" >\n\t\t<div class=\"wpb_wrapper\">\n\t\t\t\n\t\t\t<div class=\"wpb_video_wrapper\"><iframe loading=\"lazy\" title=\"Introducing the Qlik Analytics Modernization Program\" width=\"500\" height=\"281\" src=\"https:\/\/www.youtube.com\/embed\/uwc7EjKmjxg?feature=oembed\" frameborder=\"0\" allow=\"accelerometer; autoplay; clipboard-write; encrypted-media; gyroscope; picture-in-picture; web-share\" referrerpolicy=\"strict-origin-when-cross-origin\" allowfullscreen><\/iframe><\/div>\n\t\t<\/div>\n\t<\/div>\n<\/div><\/div><\/div><\/div><div  class=\"vc_row wpb_row vc_row-fluid\"><div class=\"wpb_column vc_column_container vc_col-sm-12\"><div class=\"vc_column-inner\"><div class=\"wpb_wrapper\"><div  class =\"integrio_module_spacing\"><div class=\"spacing_size spacing_size-initial\" style=\"height:30px;\"><\/div><\/div>  \n<\/div><\/div><\/div><\/div><div  class=\"vc_row wpb_row vc_row-fluid\"><div class=\"wpb_column vc_column_container vc_col-sm-12\"><div class=\"vc_column-inner\"><div class=\"wpb_wrapper\"><div  class =\"integrio_module_spacing\"><div class=\"spacing_size spacing_size-initial\" style=\"height:100px;\"><\/div><\/div>  \n<\/div><\/div><\/div><\/div><div  data-vc-full-width=\"true\" data-vc-full-width-init=\"false\" data-vc-stretch-content=\"true\" class=\"vc_row wpb_row vc_row-fluid vc_custom_1608140784507 vc_row-has-fill vc_row-no-padding vc_row-o-equal-height vc_row-o-content-middle vc_row-flex wgl-row-animation\"><div class=\"wpb_column vc_column_container vc_col-sm-1 vc_col-lg-offset-0 vc_col-lg-6 vc_col-has-fill\"><div class=\"vc_column-inner vc_custom_1608140944881\" style=\"background-position-x:-2% !important;background-position-y:101% !important;\"><div class=\"wpb_wrapper\"><div class=\"vc_row wpb_row vc_inner vc_row-fluid\"><div class=\"wpb_column vc_column_container vc_col-sm-2 vc_col-lg-2 vc_col-md-3\"><div class=\"vc_column-inner\"><div class=\"wpb_wrapper\"><\/div><\/div><\/div><div class=\"wpb_column vc_column_container vc_col-sm-9 vc_col-lg-8 vc_col-md-8\"><div class=\"vc_column-inner\"><div class=\"wpb_wrapper\"><div id=\"integrio_spacer_69d4bd4b85d8e\" class =\"integrio_module_spacing responsive_active\"><div class=\"spacing_size spacing_size-initial\" style=\"height:30px;\"><\/div><div class=\"spacing_size spacing_size-desktops\" style=\"height:45px;\"><\/div><\/div>  \n<div id=\"integrio_dbl_69d4bd4b85e00\" class=\"integrio_module_double_headings aleft\"><div class=\"heading_title\"  style=\"font-size:36px; line-height:1.444; font-weight:900; color:#ffffff; \"><div class=\"heading_title_tablet\" style=\"font-size:38px;\"><div class=\"heading_title_mobile\" style=\"font-size:34px;\"><h3>Get to know the advantages<\/h3><\/div><\/div><\/div><\/div>  \n<div  class =\"integrio_module_spacing\"><div class=\"spacing_size spacing_size-initial\" style=\"height:18px;\"><\/div><\/div>  \n\n\t<div class=\"wpb_text_column wpb_content_element\" >\n\t\t<div class=\"wpb_wrapper\">\n\t\t\t<p style=\"color: white;\" class=\"translation-block\">By the year of 2014, Qlik Sense emerges as the next-generation data analysis platform for a truly self-service experience with a broad spectrum of capabilities from conversational analytics, data alerting, reporting, embedded analytics, mobile analytics and augmented intelligence. It promotes data democratization and free exploration for any kind of user.<\/p>\n\n\t\t<\/div>\n\t<\/div>\n<div  class =\"integrio_module_spacing\"><div class=\"spacing_size spacing_size-initial\" style=\"height:27px;\"><\/div><\/div>  \n<\/div><\/div><\/div><div class=\"wpb_column vc_column_container vc_col-sm-2\"><div class=\"vc_column-inner\"><div class=\"wpb_wrapper\"><\/div><\/div><\/div><\/div><\/div><\/div><\/div><div class=\"wpb_column vc_column_container vc_col-sm-5 vc_col-lg-5\"><div class=\"vc_column-inner\"><div class=\"wpb_wrapper\"><div id=\"integrio_spacer_69d4bd4b861a6\" class =\"integrio_module_spacing responsive_active\"><div class=\"spacing_size spacing_size-initial\" style=\"height:0px;\"><\/div><div class=\"spacing_size spacing_size-desktops\" style=\"height:0px;\"><\/div><\/div>  \n<div  class=\"vc_toggle vc_toggle_dark vc_toggle_color_arrow  vc_toggle_size_right vc_toggle_active\"><div class=\"vc_toggle_title\"><h4>Data Analysis Modernization<\/h4><i class=\"vc_toggle_icon\"><\/i><\/div><div class=\"vc_toggle_content\"><p style=\"color: white;\">Start using innovative features, not available in the previous generation solution<\/p>\n<\/div><\/div><div  class=\"vc_toggle vc_toggle_dark vc_toggle_color_arrow  vc_toggle_size_right\"><div class=\"vc_toggle_title\"><h4>Gradual adoption of the solution<\/h4><i class=\"vc_toggle_icon\"><\/i><\/div><div class=\"vc_toggle_content\"><p style=\"color: white;\">Continue to use QlikView applications while adopting Qlik Sense at the your own pace, implementing free tools that support conversion.<\/p>\n<\/div><\/div><div  class=\"vc_toggle vc_toggle_dark vc_toggle_color_arrow  vc_toggle_size_right\"><div class=\"vc_toggle_title\"><h4>Flexible deployment and unified licensing<\/h4><i class=\"vc_toggle_icon\"><\/i><\/div><div class=\"vc_toggle_content\"><p style=\"color: white;\">Qlik Sense architecture allows you to select the best deployment option for your organization, and get a unique management environment for simplicity and compliance.<\/p>\n<\/div><\/div><div id=\"integrio_spacer_69d4bd4b885e9\" class =\"integrio_module_spacing responsive_active\"><div class=\"spacing_size spacing_size-initial\" style=\"height:30px;\"><\/div><div class=\"spacing_size spacing_size-desktops\" style=\"height:0px;\"><\/div><\/div>  \n<\/div><\/div><\/div><div class=\"wpb_column vc_column_container vc_col-sm-1 vc_col-lg-1\"><div class=\"vc_column-inner\"><div class=\"wpb_wrapper\"><\/div><\/div><\/div><div id=\"extended_69d4bd4b886c4\" class=\"extended-parallax\" data-paroller-type=\"foreground\" style=\"top:0%; left:0%; \" data-paroller-direction=\"vertical\" data-paroller-factor=\"0\" ><img decoding=\"async\" src=\"\" alt=\"\" \/><\/div><\/div><div class=\"vc_row-full-width vc_clearfix\"><\/div><div  class=\"vc_row wpb_row vc_row-fluid\"><div class=\"wpb_column vc_column_container vc_col-sm-12\"><div class=\"vc_column-inner\"><div class=\"wpb_wrapper\"><div  class =\"integrio_module_spacing\"><div class=\"spacing_size spacing_size-initial\" style=\"height:30px;\"><\/div><\/div>  \n<div id=\"integrio_button_69d4bd4b8b41d\" class=\"integrio_module_button wgl_button wgl_button-l wgl_button-icon_right btn-gradient acenter\"><a class=\"wgl_button_link\" href=\"https:\/\/f5tci.com\/en\/contacts\/\" title='Contacts'>Contact Us<i class=\"wgl_button-icon flaticon-right-arrow\" ><\/i><span class=\"btn_border_gradient\"><\/span><\/a><\/div>\n<div  class =\"integrio_module_spacing\"><div class=\"spacing_size spacing_size-initial\" style=\"height:30px;\"><\/div><\/div>  \n<\/div><\/div><\/div><\/div>","protected":false},"excerpt":{"rendered":"Migra\u00e7\u00e3o de QlikView para Qlik Sense Solu\u00e7\u00e3o cl\u00e1ssica de Business Intelligence, constru\u00edda sobre o motor associativo da Qlik\u00ae. Durante duas d\u00e9cadas, o potencial desta tecnologia associado \u00e0s visualiza\u00e7\u00f5es din\u00e2micas e intuitivas marcou uma gera\u00e7\u00e3o e ajudou clientes em todo o mundo a obter mais valor sobre os seus dados. Vantagens da Migra\u00e7\u00e3o Em 2014, a [...]","protected":false},"author":2,"featured_media":0,"parent":0,"menu_order":0,"comment_status":"closed","ping_status":"closed","template":"","meta":{"footnotes":""},"class_list":["post-15114","page","type-page","status-publish","hentry"],"yoast_head":"<!-- This site is optimized with the Yoast SEO plugin v22.0 - https:\/\/yoast.com\/wordpress\/plugins\/seo\/ -->\n<title>F5tci - Do QlikView\u00ae ao Qlik Sense - moderniza\u00e7\u00e3o da an\u00e1lise de dados<\/title>\n<meta name=\"description\" content=\"Do QlikView\u00ae ao Qlik Sense: Inicie o seu processo de moderniza\u00e7\u00e3o da an\u00e1lise de dados e revolucione a forma como utiliza os seus dados.\" \/>\n<meta name=\"robots\" content=\"index, follow, max-snippet:-1, max-image-preview:large, max-video-preview:-1\" \/>\n<link rel=\"canonical\" href=\"https:\/\/f5tci.com\/en\/qlikview\/\" \/>\n<meta property=\"og:locale\" content=\"en_GB\" \/>\n<meta property=\"og:type\" content=\"article\" \/>\n<meta property=\"og:title\" content=\"F5tci - Do QlikView\u00ae ao Qlik Sense - moderniza\u00e7\u00e3o da an\u00e1lise de dados\" \/>\n<meta property=\"og:description\" content=\"Do QlikView\u00ae ao Qlik Sense: Inicie o seu processo de moderniza\u00e7\u00e3o da an\u00e1lise de dados e revolucione a forma como utiliza os seus dados.\" \/>\n<meta property=\"og:url\" content=\"https:\/\/f5tci.com\/en\/qlikview\/\" \/>\n<meta property=\"og:site_name\" content=\"F5tci\" \/>\n<meta property=\"article:modified_time\" content=\"2024-02-06T15:24:49+00:00\" \/>\n<meta name=\"twitter:card\" content=\"summary_large_image\" \/>\n<meta name=\"twitter:label1\" content=\"Estimated reading time\" \/>\n\t<meta name=\"twitter:data1\" content=\"2 minutes\" \/>\n<script type=\"application\/ld+json\" class=\"yoast-schema-graph\">{\"@context\":\"https:\/\/schema.org\",\"@graph\":[{\"@type\":\"WebPage\",\"@id\":\"https:\/\/f5tci.com\/en\/qlikview\/\",\"url\":\"https:\/\/f5tci.com\/en\/qlikview\/\",\"name\":\"F5tci - Do QlikView\u00ae ao Qlik Sense - moderniza\u00e7\u00e3o da an\u00e1lise de dados\",\"isPartOf\":{\"@id\":\"https:\/\/www.f5tci.com\/#website\"},\"datePublished\":\"2020-11-13T11:51:23+00:00\",\"dateModified\":\"2024-02-06T15:24:49+00:00\",\"description\":\"Do QlikView\u00ae ao Qlik Sense: Inicie o seu processo de moderniza\u00e7\u00e3o da an\u00e1lise de dados e revolucione a forma como utiliza os seus dados.\",\"breadcrumb\":{\"@id\":\"https:\/\/f5tci.com\/en\/qlikview\/#breadcrumb\"},\"inLanguage\":\"en-GB\",\"potentialAction\":[{\"@type\":\"ReadAction\",\"target\":[\"https:\/\/f5tci.com\/en\/qlikview\/\"]}]},{\"@type\":\"BreadcrumbList\",\"@id\":\"https:\/\/f5tci.com\/en\/qlikview\/#breadcrumb\",\"itemListElement\":[{\"@type\":\"ListItem\",\"position\":1,\"name\":\"In\u00edcio\",\"item\":\"https:\/\/www.f5tci.com\/\"},{\"@type\":\"ListItem\",\"position\":2,\"name\":\"QlikView\u00ae\"}]},{\"@type\":\"WebSite\",\"@id\":\"https:\/\/www.f5tci.com\/#website\",\"url\":\"https:\/\/www.f5tci.com\/\",\"name\":\"F5tci\",\"description\":\"Information For All\",\"publisher\":{\"@id\":\"https:\/\/www.f5tci.com\/#organization\"},\"potentialAction\":[{\"@type\":\"SearchAction\",\"target\":{\"@type\":\"EntryPoint\",\"urlTemplate\":\"https:\/\/www.f5tci.com\/?s={search_term_string}\"},\"query-input\":\"required name=search_term_string\"}],\"inLanguage\":\"en-GB\"},{\"@type\":\"Organization\",\"@id\":\"https:\/\/www.f5tci.com\/#organization\",\"name\":\"F5tci\",\"url\":\"https:\/\/www.f5tci.com\/\",\"logo\":{\"@type\":\"ImageObject\",\"inLanguage\":\"en-GB\",\"@id\":\"https:\/\/www.f5tci.com\/#\/schema\/logo\/image\/\",\"url\":\"https:\/\/www.f5tci.com\/wp-content\/uploads\/2021\/02\/20-anos-f5tci.png\",\"contentUrl\":\"https:\/\/www.f5tci.com\/wp-content\/uploads\/2021\/02\/20-anos-f5tci.png\",\"width\":2347,\"height\":472,\"caption\":\"F5tci\"},\"image\":{\"@id\":\"https:\/\/www.f5tci.com\/#\/schema\/logo\/image\/\"},\"sameAs\":[\"https:\/\/www.linkedin.com\/company\/f5---tecnologias-de-comunica\u00e7\u00e3o-e-informa\u00e7\u00e3o-lda\/\"]}]}<\/script>\n<!-- \/ Yoast SEO plugin. -->","yoast_head_json":{"title":"F5tci - Do QlikView\u00ae ao Qlik Sense - moderniza\u00e7\u00e3o da an\u00e1lise de dados","description":"Do QlikView\u00ae ao Qlik Sense: Inicie o seu processo de moderniza\u00e7\u00e3o da an\u00e1lise de dados e revolucione a forma como utiliza os seus dados.","robots":{"index":"index","follow":"follow","max-snippet":"max-snippet:-1","max-image-preview":"max-image-preview:large","max-video-preview":"max-video-preview:-1"},"canonical":"https:\/\/f5tci.com\/en\/qlikview\/","og_locale":"en_GB","og_type":"article","og_title":"F5tci - Do QlikView\u00ae ao Qlik Sense - moderniza\u00e7\u00e3o da an\u00e1lise de dados","og_description":"Do QlikView\u00ae ao Qlik Sense: Inicie o seu processo de moderniza\u00e7\u00e3o da an\u00e1lise de dados e revolucione a forma como utiliza os seus dados.","og_url":"https:\/\/f5tci.com\/en\/qlikview\/","og_site_name":"F5tci","article_modified_time":"2024-02-06T15:24:49+00:00","twitter_card":"summary_large_image","twitter_misc":{"Estimated reading time":"2 minutes"},"schema":{"@context":"https:\/\/schema.org","@graph":[{"@type":"WebPage","@id":"https:\/\/f5tci.com\/en\/qlikview\/","url":"https:\/\/f5tci.com\/en\/qlikview\/","name":"F5tci - Do QlikView\u00ae ao Qlik Sense - moderniza\u00e7\u00e3o da an\u00e1lise de dados","isPartOf":{"@id":"https:\/\/www.f5tci.com\/#website"},"datePublished":"2020-11-13T11:51:23+00:00","dateModified":"2024-02-06T15:24:49+00:00","description":"Do QlikView\u00ae ao Qlik Sense: Inicie o seu processo de moderniza\u00e7\u00e3o da an\u00e1lise de dados e revolucione a forma como utiliza os seus dados.","breadcrumb":{"@id":"https:\/\/f5tci.com\/en\/qlikview\/#breadcrumb"},"inLanguage":"en-GB","potentialAction":[{"@type":"ReadAction","target":["https:\/\/f5tci.com\/en\/qlikview\/"]}]},{"@type":"BreadcrumbList","@id":"https:\/\/f5tci.com\/en\/qlikview\/#breadcrumb","itemListElement":[{"@type":"ListItem","position":1,"name":"In\u00edcio","item":"https:\/\/www.f5tci.com\/"},{"@type":"ListItem","position":2,"name":"QlikView\u00ae"}]},{"@type":"WebSite","@id":"https:\/\/www.f5tci.com\/#website","url":"https:\/\/www.f5tci.com\/","name":"F5tci","description":"Information For All","publisher":{"@id":"https:\/\/www.f5tci.com\/#organization"},"potentialAction":[{"@type":"SearchAction","target":{"@type":"EntryPoint","urlTemplate":"https:\/\/www.f5tci.com\/?s={search_term_string}"},"query-input":"required name=search_term_string"}],"inLanguage":"en-GB"},{"@type":"Organization","@id":"https:\/\/www.f5tci.com\/#organization","name":"F5tci","url":"https:\/\/www.f5tci.com\/","logo":{"@type":"ImageObject","inLanguage":"en-GB","@id":"https:\/\/www.f5tci.com\/#\/schema\/logo\/image\/","url":"https:\/\/www.f5tci.com\/wp-content\/uploads\/2021\/02\/20-anos-f5tci.png","contentUrl":"https:\/\/www.f5tci.com\/wp-content\/uploads\/2021\/02\/20-anos-f5tci.png","width":2347,"height":472,"caption":"F5tci"},"image":{"@id":"https:\/\/www.f5tci.com\/#\/schema\/logo\/image\/"},"sameAs":["https:\/\/www.linkedin.com\/company\/f5---tecnologias-de-comunica\u00e7\u00e3o-e-informa\u00e7\u00e3o-lda\/"]}]}},"_links":{"self":[{"href":"https:\/\/f5tci.com\/en\/wp-json\/wp\/v2\/pages\/15114"}],"collection":[{"href":"https:\/\/f5tci.com\/en\/wp-json\/wp\/v2\/pages"}],"about":[{"href":"https:\/\/f5tci.com\/en\/wp-json\/wp\/v2\/types\/page"}],"author":[{"embeddable":true,"href":"https:\/\/f5tci.com\/en\/wp-json\/wp\/v2\/users\/2"}],"replies":[{"embeddable":true,"href":"https:\/\/f5tci.com\/en\/wp-json\/wp\/v2\/comments?post=15114"}],"version-history":[{"count":0,"href":"https:\/\/f5tci.com\/en\/wp-json\/wp\/v2\/pages\/15114\/revisions"}],"wp:attachment":[{"href":"https:\/\/f5tci.com\/en\/wp-json\/wp\/v2\/media?parent=15114"}],"curies":[{"name":"wp","href":"https:\/\/api.w.org\/{rel}","templated":true}]}}