{"id":15112,"date":"2020-11-13T11:51:03","date_gmt":"2020-11-13T11:51:03","guid":{"rendered":"https:\/\/www.f5tci.com\/?page_id=15112"},"modified":"2025-03-28T10:57:11","modified_gmt":"2025-03-28T10:57:11","slug":"qlik-sense-analise-dados","status":"publish","type":"page","link":"https:\/\/f5tci.com\/en\/qlik-sense-analise-dados\/","title":{"rendered":"Qlik Sense\u00ae"},"content":{"rendered":"<div  class=\"vc_row wpb_row vc_row-fluid\"><div class=\"wpb_column vc_column_container vc_col-sm-12\"><div class=\"vc_column-inner\"><div class=\"wpb_wrapper\"><div  class =\"integrio_module_spacing\"><div class=\"spacing_size spacing_size-initial\" style=\"height:70px;\"><\/div><\/div>  \n<\/div><\/div><\/div><\/div><div  class=\"vc_row wpb_row vc_row-fluid\"><div class=\"wpb_column vc_column_container vc_col-sm-6\"><div class=\"vc_column-inner vc_custom_1606230224469\"><div class=\"wpb_wrapper\"><div id=\"integrio_dbl_69d76a493db54\" class=\"integrio_module_double_headings aleft\"><div class=\"heading_subtitle\" style=\"font-size:14px; line-height:20px; \"><h3>From Passive to Active Analytics<\/h3><\/div><div class=\"heading_title\"  style=\"font-size:42px; line-height:1.238; color:#1884a5; \"><h2>Qlik Sense | Modern Cloud Analytics<\/h2><\/div><\/div>  \n<div  class =\"integrio_module_spacing\"><div class=\"spacing_size spacing_size-initial\" style=\"height:30px;\"><\/div><\/div>  \n\n\t<div class=\"wpb_text_column wpb_content_element\" >\n\t\t<div class=\"wpb_wrapper\">\n\t\t\t<p>Qlik Sense sets the benchmark for a new generation of data analysis. With its unique associative analytics engine, augmented intelligence (AI) and flexible deployment options, you can empower everyone in your business to make better decisions daily, creating a truly data-driven enterprise.<\/p>\n\n\t\t<\/div>\n\t<\/div>\n<\/div><\/div><\/div><div class=\"wpb_column vc_column_container vc_col-sm-6\"><div class=\"vc_column-inner\"><div class=\"wpb_wrapper\"><div  class =\"integrio_module_spacing\"><div class=\"spacing_size spacing_size-initial\" style=\"height:30px;\"><\/div><\/div>  \n\n\t<div class=\"wpb_video_widget wpb_content_element vc_clearfix   vc_video-aspect-ratio-169 vc_video-el-width-100 vc_video-align-center\" >\n\t\t<div class=\"wpb_wrapper\">\n\t\t\t\n\t\t\t<div class=\"wpb_video_wrapper\"><iframe loading=\"lazy\" title=\"Welcome to the New Qlik\" width=\"500\" height=\"281\" src=\"https:\/\/www.youtube.com\/embed\/DfP2XQO7c2Y?feature=oembed\" frameborder=\"0\" allow=\"accelerometer; autoplay; clipboard-write; encrypted-media; gyroscope; picture-in-picture; web-share\" referrerpolicy=\"strict-origin-when-cross-origin\" allowfullscreen><\/iframe><\/div>\n\t\t<\/div>\n\t<\/div>\n<\/div><\/div><\/div><\/div><div  class=\"vc_row wpb_row vc_row-fluid\"><div class=\"wpb_column vc_column_container vc_col-sm-12\"><div class=\"vc_column-inner\"><div class=\"wpb_wrapper\"><div id=\"integrio_button_69d76a494511d\" class=\"integrio_module_button wgl_button wgl_button-l btn-gradient aleft\"><a class=\"wgl_button_link\" href=\"https:\/\/lp.egoi.page\/4ePe5dPS\/DemoQlikSense\" title='Demo Qlik Sense SaaS' target=\" _blank\">Watch Demo<span class=\"btn_border_gradient\"><\/span><\/a><\/div>\n<div  class =\"integrio_module_spacing\"><div class=\"spacing_size spacing_size-initial\" style=\"height:60px;\"><\/div><\/div>  \n<\/div><\/div><\/div><\/div><div  class=\"vc_row wpb_row vc_row-fluid\"><div class=\"wpb_column vc_column_container vc_col-sm-12\"><div class=\"vc_column-inner\"><div class=\"wpb_wrapper\"><div  class =\"integrio_module_spacing\"><div class=\"spacing_size spacing_size-initial\" style=\"height:30px;\"><\/div><\/div>  \n<div id=\"integrio_dbl_69d76a494c40d\" class=\"integrio_module_double_headings acenter\"><div class=\"heading_title\"  style=\"font-size:42px; line-height:1.238; color:#707070; \"><h2>Advantages<\/h2><\/div><\/div>  \n<div  class =\"integrio_module_spacing\"><div class=\"spacing_size spacing_size-initial\" style=\"height:30px;\"><\/div><\/div>  \n<\/div><\/div><\/div><\/div><div  class=\"vc_row wpb_row vc_row-fluid\"><div class=\"wpb_column vc_column_container vc_col-sm-4\"><div class=\"vc_column-inner\"><div class=\"wpb_wrapper\"><div class=\"integrio_module_services service_fade acenter bg_front_frame\"><div class=\"services_wrapper\"><div class=\"services_front\" style=\"border-color:rgba(255,255,255,0.3);\"><div class=\"services_icon_wrapper\"><div class=\"services_icon\" ><img decoding=\"async\" src=\"\/wp-content\/uploads\/2021\/02\/business-intelligence-associative-engine.png\" alt=\"Qlik Sense associative engine index for agile exploration\"  \/><\/div><\/div><h5 class=\"services_title\" style=\"color:#1884a5;\">Explore without boundaries<\/h5><div class=\"services_descr\" style=\"color:#848484;\">Qlik sense understands and indexes the relationship between your data, so you can explore freely and in any direction.<\/div><\/div><div class=\"services_back\" style=\"background:rgba(255,255,255,0.01);\"><\/div><\/div><\/div><\/div><\/div><\/div><div class=\"wpb_column vc_column_container vc_col-sm-4\"><div class=\"vc_column-inner\"><div class=\"wpb_wrapper\"><div class=\"integrio_module_services service_fade acenter bg_front_frame\"><div class=\"services_wrapper\"><div class=\"services_front\" style=\"border-color:rgba(255,255,255,0.3);\"><div class=\"services_icon_wrapper\"><div class=\"services_icon\" ><img decoding=\"async\" src=\"\/wp-content\/uploads\/2021\/02\/qlik-sense-speed.png\" alt=\"Qlik Sense is fast\"  \/><\/div><\/div><h5 class=\"services_title\" style=\"color:#1884a5;\">Create analytics faster<\/h5><div class=\"services_descr\" style=\"color:#848484;\">Easily combine and load data, create smart visualizations, and drag and drop to build rich analytics apps accelerated by suggestions and automation.<\/div><\/div><div class=\"services_back\" style=\"background:rgba(255,255,255,0.01);\"><\/div><\/div><\/div><\/div><\/div><\/div><div class=\"wpb_column vc_column_container vc_col-sm-4\"><div class=\"vc_column-inner\"><div class=\"wpb_wrapper\"><div class=\"integrio_module_services service_fade acenter bg_front_frame\"><div class=\"services_wrapper\"><div class=\"services_front\" style=\"border-color:rgba(255,255,255,0.3);\"><div class=\"services_icon_wrapper\"><div class=\"services_icon\" ><img decoding=\"async\" src=\"\/wp-content\/uploads\/2021\/02\/artificial-intelligence-cognitive-engine.png\" alt=\"Qlik Sense cognitive engine with artificial intelligence technology\"  \/><\/div><\/div><h5 class=\"services_title\" style=\"color:#1884a5;\">Let AI amplify your mind<\/h5><div class=\"services_descr\" style=\"color:#848484;\">AI enhances human intuition in Qlik Sense with suggested insights, automated processes, alerts, and natural language interaction.<\/div><\/div><div class=\"services_back\" style=\"background:rgba(255,255,255,0.01);\"><\/div><\/div><\/div><\/div><\/div><\/div><\/div><div  class=\"vc_row wpb_row vc_row-fluid\"><div class=\"wpb_column vc_column_container vc_col-sm-4\"><div class=\"vc_column-inner\"><div class=\"wpb_wrapper\"><div class=\"integrio_module_services service_fade acenter bg_front_frame\"><div class=\"services_wrapper\"><div class=\"services_front\" style=\"border-color:rgba(255,255,255,0.3);\"><div class=\"services_icon_wrapper\"><div class=\"services_icon\" ><img decoding=\"async\" src=\"\/wp-content\/uploads\/2021\/02\/qlik-sense-scalability-api.png\" alt=\"Qlik Sense scalability and has native api integration\"  \/><\/div><\/div><h5 class=\"services_title\" style=\"color:#1884a5;\">Build, extend, embed<\/h5><div class=\"services_descr\" style=\"color:#848484;\">Develop any analytics with a complete set of open APIs and bring them into any app, project, or process with powerful embedded analytics support.<\/div><\/div><div class=\"services_back\" style=\"background:rgba(255,255,255,0.01);\"><\/div><\/div><\/div><\/div><\/div><\/div><div class=\"wpb_column vc_column_container vc_col-sm-4\"><div class=\"vc_column-inner\"><div class=\"wpb_wrapper\"><div class=\"integrio_module_services service_fade acenter bg_front_frame\"><div class=\"services_wrapper\"><div class=\"services_front\" style=\"border-color:rgba(255,255,255,0.3);\"><div class=\"services_icon_wrapper\"><div class=\"services_icon\" ><img decoding=\"async\" src=\"\/wp-content\/uploads\/2021\/02\/qlik-sense-hybrid-cloud.png\" alt=\"Qlik Sense deployment on premise, on cloud, or hybrid\"  \/><\/div><\/div><h5 class=\"services_title\" style=\"color:#1884a5;\">Your infrastrutcture, your choice<\/h5><div class=\"services_descr\" style=\"color:#848484;\">Easily combine SaaS, hybrid multi-cloud, and on-premise deployment options. The choice is yours.<\/div><\/div><div class=\"services_back\" style=\"background:rgba(255,255,255,0.01);\"><\/div><\/div><\/div><\/div><\/div><\/div><div class=\"wpb_column vc_column_container vc_col-sm-4\"><div class=\"vc_column-inner\"><div class=\"wpb_wrapper\"><div class=\"integrio_module_services service_fade acenter bg_front_frame\"><div class=\"services_wrapper\"><div class=\"services_front\" style=\"border-color:rgba(255,255,255,0.3);\"><div class=\"services_icon_wrapper\"><div class=\"services_icon\" ><img decoding=\"async\" src=\"\/wp-content\/uploads\/2021\/02\/qlik-sense-mobile.png\" alt=\"Qlik Sense responsiveness and multi platform capabilities\"  \/><\/div><\/div><h5 class=\"services_title\" style=\"color:#1884a5;\">Share and go mobile<\/h5><div class=\"services_descr\" style=\"color:#848484;\">Stay productive online or offline with fully interactive mobile analytics<\/div><\/div><div class=\"services_back\" style=\"background:rgba(255,255,255,0.01);\"><\/div><\/div><\/div><\/div><\/div><\/div><\/div><div  class=\"vc_row wpb_row vc_row-fluid\"><div class=\"wpb_column vc_column_container vc_col-sm-12\"><div class=\"vc_column-inner\"><div class=\"wpb_wrapper\"><div  class =\"integrio_module_spacing\"><div class=\"spacing_size spacing_size-initial\" style=\"height:40px;\"><\/div><\/div>  \n<\/div><\/div><\/div><\/div><div  class=\"vc_row wpb_row vc_row-fluid\"><div class=\"wpb_column vc_column_container vc_col-sm-6\"><div class=\"vc_column-inner\"><div class=\"wpb_wrapper\"><div  class =\"integrio_module_spacing\"><div class=\"spacing_size spacing_size-initial\" style=\"height:30px;\"><\/div><\/div>  \n<div id=\"integrio_button_69d76a495f7ba\" class=\"integrio_module_button wgl_button wgl_button-l wgl_button-icon_right btn-gradient acenter\"><a class=\"wgl_button_link\" href=\"https:\/\/www.f5tci.com\/wp-content\/uploads\/2021\/04\/Qlik-Sense-New-Generation-of-Data-Analytics.pdf\" title='Qlik Sense ' target=\" _blank\">Know more<i class=\"wgl_button-icon flaticon-world\" ><\/i><span class=\"btn_border_gradient\"><\/span><\/a><\/div>\n<div  class =\"integrio_module_spacing\"><div class=\"spacing_size spacing_size-initial\" style=\"height:30px;\"><\/div><\/div>  \n<\/div><\/div><\/div><div class=\"wpb_column vc_column_container vc_col-sm-6\"><div class=\"vc_column-inner\"><div class=\"wpb_wrapper\"><div  class =\"integrio_module_spacing\"><div class=\"spacing_size spacing_size-initial\" style=\"height:30px;\"><\/div><\/div>  \n<div id=\"integrio_button_69d76a495f9fe\" class=\"integrio_module_button wgl_button wgl_button-l wgl_button-icon_right btn-gradient acenter\"><a class=\"wgl_button_link\" href=\"https:\/\/f5tci.com\/en\/contacts\/\">Contact Us<i class=\"wgl_button-icon flaticon-right-arrow\" ><\/i><span class=\"btn_border_gradient\"><\/span><\/a><\/div>\n<div  class =\"integrio_module_spacing\"><div class=\"spacing_size spacing_size-initial\" style=\"height:30px;\"><\/div><\/div>  \n<\/div><\/div><\/div><\/div><div  class=\"vc_row wpb_row vc_row-fluid\"><div class=\"wpb_column vc_column_container vc_col-sm-12\"><div class=\"vc_column-inner\"><div class=\"wpb_wrapper\"><div class=\"wpforms-container wpforms-container-full\" id=\"wpforms-18704\"><form id=\"wpforms-form-18704\" class=\"wpforms-validate wpforms-form wpforms-ajax-form\" data-formid=\"18704\" method=\"post\" enctype=\"multipart\/form-data\" action=\"\/en\/wp-json\/wp\/v2\/pages\/15112\" data-token=\"9a7653ee863cb89f553f3d2d976ae6f6\" data-token-time=\"1775725129\" data-trp-original-action=\"\/en\/wp-json\/wp\/v2\/pages\/15112\"><div class=\"wpforms-head-container\"><div class=\"wpforms-title\">Try Qlik Sense for free!<\/div><div class=\"wpforms-description\">Fill in the form and you will receive, by e-mail, the necessary information to try it out. <\/div><\/div><noscript class=\"wpforms-error-noscript\">Please enable JavaScript in your browser to complete this form.<\/noscript><div class=\"wpforms-field-container\"><div id=\"wpforms-18704-field_1-container\" class=\"wpforms-field wpforms-field-text\" data-field-id=\"1\"><label class=\"wpforms-field-label\" for=\"wpforms-18704-field_1\">Name <span class=\"wpforms-required-label\">*<\/span><\/label><input type=\"text\" id=\"wpforms-18704-field_1\" class=\"wpforms-field-medium wpforms-field-required\" name=\"wpforms[fields][1]\" required><\/div><div id=\"wpforms-18704-field_2-container\" class=\"wpforms-field wpforms-field-text\" data-field-id=\"2\"><label class=\"wpforms-field-label\" for=\"wpforms-18704-field_2\">Surname <span class=\"wpforms-required-label\">*<\/span><\/label><input type=\"text\" id=\"wpforms-18704-field_2\" class=\"wpforms-field-medium wpforms-field-required\" name=\"wpforms[fields][2]\" required><\/div><div id=\"wpforms-18704-field_3-container\" class=\"wpforms-field wpforms-field-text\" data-field-id=\"3\"><label class=\"wpforms-field-label\" for=\"wpforms-18704-field_3\">E-mail <span class=\"wpforms-required-label\">*<\/span><\/label><input type=\"text\" id=\"wpforms-18704-field_3\" class=\"wpforms-field-medium wpforms-field-required\" name=\"wpforms[fields][3]\" required><\/div><div id=\"wpforms-18704-field_4-container\" class=\"wpforms-field wpforms-field-text\" data-field-id=\"4\"><label class=\"wpforms-field-label\" for=\"wpforms-18704-field_4\">Phone<\/label><input type=\"text\" id=\"wpforms-18704-field_4\" class=\"wpforms-field-medium\" name=\"wpforms[fields][4]\" ><\/div><div id=\"wpforms-18704-field_6-container\" class=\"wpforms-field wpforms-field-text\" data-field-id=\"6\"><label class=\"wpforms-field-label\" for=\"wpforms-18704-field_6\">Company <span class=\"wpforms-required-label\">*<\/span><\/label><input type=\"text\" id=\"wpforms-18704-field_6\" class=\"wpforms-field-medium wpforms-field-required\" name=\"wpforms[fields][6]\" required><\/div><div id=\"wpforms-18704-field_5-container\" class=\"wpforms-field wpforms-field-text\" data-field-id=\"5\"><label class=\"wpforms-field-label\" for=\"wpforms-18704-field_5\">Role <span class=\"wpforms-required-label\">*<\/span><\/label><input type=\"text\" id=\"wpforms-18704-field_5\" class=\"wpforms-field-medium wpforms-field-required\" name=\"wpforms[fields][5]\" required><\/div><\/div><!-- .wpforms-field-container --><div class=\"wpforms-submit-container\" ><input type=\"hidden\" name=\"wpforms[id]\" value=\"18704\"><input type=\"hidden\" name=\"page_title\" value=\"\"><input type=\"hidden\" name=\"page_url\" value=\"https:\/\/f5tci.com\/en\/wp-json\/wp\/v2\/pages\/15112\"><input type=\"hidden\" name=\"url_referer\" value=\"\"><button type=\"submit\" name=\"wpforms[submit]\" id=\"wpforms-submit-18704\" class=\"wpforms-submit\" data-alt-text=\"Sending...\" data-submit-text=\"Submeter\" aria-live=\"assertive\" value=\"wpforms-submit\">Submit<\/button><img loading=\"lazy\" decoding=\"async\" src=\"\/wp-content\/plugins\/wpforms-lite\/assets\/images\/submit-spin.svg\" class=\"wpforms-submit-spinner\" style=\"display: none;\" width=\"26\" height=\"26\" alt=\"Loading\"><\/div><input type=\"hidden\" name=\"trp-form-language\" value=\"en\"\/><\/form><\/div>  <!-- .wpforms-container --><\/div><\/div><\/div><\/div>","protected":false},"excerpt":{"rendered":"From Passive to Active AnalyticsQlik Sense | Modern Cloud Analytics O Qlik Sense \u00e9 a refer\u00eancia na nova gera\u00e7\u00e3o de an\u00e1lise de dados. Com o seu mecanismo \u00fanico de an\u00e1lise associativa, intelig\u00eancia aumentada (IA) e op\u00e7\u00f5es flex\u00edveis de instala\u00e7\u00e3o, pode capacitar todos na sua empresa a tomarem melhores decis\u00f5es diariamente, criando uma empresa verdadeiramente orientada [...]","protected":false},"author":2,"featured_media":0,"parent":0,"menu_order":0,"comment_status":"closed","ping_status":"closed","template":"","meta":{"footnotes":""},"class_list":["post-15112","page","type-page","status-publish","hentry"],"yoast_head":"<!-- This site is optimized with the Yoast SEO plugin v22.0 - https:\/\/yoast.com\/wordpress\/plugins\/seo\/ -->\n<title>F5tci - Qlik Sense\u00ae - a nova gera\u00e7\u00e3o de Business Intelligence<\/title>\n<meta name=\"description\" content=\"O Qlik Sense \u00e9 a nova gera\u00e7\u00e3o de an\u00e1lise de dados, onde se distingue pela an\u00e1lise associativa e a intelig\u00eancia aumentada (IA).\" \/>\n<meta name=\"robots\" content=\"index, follow, max-snippet:-1, max-image-preview:large, max-video-preview:-1\" \/>\n<link rel=\"canonical\" href=\"http:\/\/f5tci.com\/en\/qlik-sense-analise-dados\/\" \/>\n<meta property=\"og:locale\" content=\"en_GB\" \/>\n<meta property=\"og:type\" content=\"article\" \/>\n<meta property=\"og:title\" content=\"F5tci - Qlik Sense\u00ae - a nova gera\u00e7\u00e3o de Business Intelligence\" \/>\n<meta property=\"og:description\" content=\"O Qlik Sense \u00e9 a nova gera\u00e7\u00e3o de an\u00e1lise de dados, onde se distingue pela an\u00e1lise associativa e a intelig\u00eancia aumentada (IA).\" \/>\n<meta property=\"og:url\" content=\"http:\/\/f5tci.com\/en\/qlik-sense-analise-dados\/\" \/>\n<meta property=\"og:site_name\" content=\"F5tci\" \/>\n<meta property=\"article:modified_time\" content=\"2025-03-28T10:57:11+00:00\" \/>\n<meta name=\"twitter:card\" content=\"summary_large_image\" \/>\n<meta name=\"twitter:label1\" content=\"Estimated reading time\" \/>\n\t<meta name=\"twitter:data1\" content=\"2 minutes\" \/>\n<script type=\"application\/ld+json\" class=\"yoast-schema-graph\">{\"@context\":\"https:\/\/schema.org\",\"@graph\":[{\"@type\":\"WebPage\",\"@id\":\"http:\/\/f5tci.com\/en\/qlik-sense-analise-dados\/\",\"url\":\"http:\/\/f5tci.com\/en\/qlik-sense-analise-dados\/\",\"name\":\"F5tci - Qlik Sense\u00ae - a nova gera\u00e7\u00e3o de Business Intelligence\",\"isPartOf\":{\"@id\":\"https:\/\/f5tci.com\/#website\"},\"datePublished\":\"2020-11-13T11:51:03+00:00\",\"dateModified\":\"2025-03-28T10:57:11+00:00\",\"description\":\"O Qlik Sense \u00e9 a nova gera\u00e7\u00e3o de an\u00e1lise de dados, onde se distingue pela an\u00e1lise associativa e a intelig\u00eancia aumentada (IA).\",\"breadcrumb\":{\"@id\":\"http:\/\/f5tci.com\/en\/qlik-sense-analise-dados\/#breadcrumb\"},\"inLanguage\":\"en-GB\",\"potentialAction\":[{\"@type\":\"ReadAction\",\"target\":[\"http:\/\/f5tci.com\/en\/qlik-sense-analise-dados\/\"]}]},{\"@type\":\"BreadcrumbList\",\"@id\":\"http:\/\/f5tci.com\/en\/qlik-sense-analise-dados\/#breadcrumb\",\"itemListElement\":[{\"@type\":\"ListItem\",\"position\":1,\"name\":\"In\u00edcio\",\"item\":\"https:\/\/f5tci.com\/\"},{\"@type\":\"ListItem\",\"position\":2,\"name\":\"Qlik Sense\u00ae\"}]},{\"@type\":\"WebSite\",\"@id\":\"https:\/\/f5tci.com\/#website\",\"url\":\"https:\/\/f5tci.com\/\",\"name\":\"F5tci\",\"description\":\"Information For All\",\"publisher\":{\"@id\":\"https:\/\/f5tci.com\/#organization\"},\"potentialAction\":[{\"@type\":\"SearchAction\",\"target\":{\"@type\":\"EntryPoint\",\"urlTemplate\":\"https:\/\/f5tci.com\/?s={search_term_string}\"},\"query-input\":\"required name=search_term_string\"}],\"inLanguage\":\"en-GB\"},{\"@type\":\"Organization\",\"@id\":\"https:\/\/f5tci.com\/#organization\",\"name\":\"F5tci\",\"url\":\"https:\/\/f5tci.com\/\",\"logo\":{\"@type\":\"ImageObject\",\"inLanguage\":\"en-GB\",\"@id\":\"https:\/\/f5tci.com\/#\/schema\/logo\/image\/\",\"url\":\"https:\/\/www.f5tci.com\/wp-content\/uploads\/2021\/02\/20-anos-f5tci.png\",\"contentUrl\":\"https:\/\/www.f5tci.com\/wp-content\/uploads\/2021\/02\/20-anos-f5tci.png\",\"width\":2347,\"height\":472,\"caption\":\"F5tci\"},\"image\":{\"@id\":\"https:\/\/f5tci.com\/#\/schema\/logo\/image\/\"},\"sameAs\":[\"https:\/\/www.linkedin.com\/company\/f5---tecnologias-de-comunica\u00e7\u00e3o-e-informa\u00e7\u00e3o-lda\/\"]}]}<\/script>\n<!-- \/ Yoast SEO plugin. -->","yoast_head_json":{"title":"F5tci - Qlik Sense\u00ae - a nova gera\u00e7\u00e3o de Business Intelligence","description":"O Qlik Sense \u00e9 a nova gera\u00e7\u00e3o de an\u00e1lise de dados, onde se distingue pela an\u00e1lise associativa e a intelig\u00eancia aumentada (IA).","robots":{"index":"index","follow":"follow","max-snippet":"max-snippet:-1","max-image-preview":"max-image-preview:large","max-video-preview":"max-video-preview:-1"},"canonical":"http:\/\/f5tci.com\/en\/qlik-sense-analise-dados\/","og_locale":"en_GB","og_type":"article","og_title":"F5tci - Qlik Sense\u00ae - a nova gera\u00e7\u00e3o de Business Intelligence","og_description":"O Qlik Sense \u00e9 a nova gera\u00e7\u00e3o de an\u00e1lise de dados, onde se distingue pela an\u00e1lise associativa e a intelig\u00eancia aumentada (IA).","og_url":"http:\/\/f5tci.com\/en\/qlik-sense-analise-dados\/","og_site_name":"F5tci","article_modified_time":"2025-03-28T10:57:11+00:00","twitter_card":"summary_large_image","twitter_misc":{"Estimated reading time":"2 minutes"},"schema":{"@context":"https:\/\/schema.org","@graph":[{"@type":"WebPage","@id":"http:\/\/f5tci.com\/en\/qlik-sense-analise-dados\/","url":"http:\/\/f5tci.com\/en\/qlik-sense-analise-dados\/","name":"F5tci - Qlik Sense\u00ae - a nova gera\u00e7\u00e3o de Business Intelligence","isPartOf":{"@id":"https:\/\/f5tci.com\/#website"},"datePublished":"2020-11-13T11:51:03+00:00","dateModified":"2025-03-28T10:57:11+00:00","description":"O Qlik Sense \u00e9 a nova gera\u00e7\u00e3o de an\u00e1lise de dados, onde se distingue pela an\u00e1lise associativa e a intelig\u00eancia aumentada (IA).","breadcrumb":{"@id":"http:\/\/f5tci.com\/en\/qlik-sense-analise-dados\/#breadcrumb"},"inLanguage":"en-GB","potentialAction":[{"@type":"ReadAction","target":["http:\/\/f5tci.com\/en\/qlik-sense-analise-dados\/"]}]},{"@type":"BreadcrumbList","@id":"http:\/\/f5tci.com\/en\/qlik-sense-analise-dados\/#breadcrumb","itemListElement":[{"@type":"ListItem","position":1,"name":"In\u00edcio","item":"https:\/\/f5tci.com\/"},{"@type":"ListItem","position":2,"name":"Qlik Sense\u00ae"}]},{"@type":"WebSite","@id":"https:\/\/f5tci.com\/#website","url":"https:\/\/f5tci.com\/","name":"F5tci","description":"Information For All","publisher":{"@id":"https:\/\/f5tci.com\/#organization"},"potentialAction":[{"@type":"SearchAction","target":{"@type":"EntryPoint","urlTemplate":"https:\/\/f5tci.com\/?s={search_term_string}"},"query-input":"required name=search_term_string"}],"inLanguage":"en-GB"},{"@type":"Organization","@id":"https:\/\/f5tci.com\/#organization","name":"F5tci","url":"https:\/\/f5tci.com\/","logo":{"@type":"ImageObject","inLanguage":"en-GB","@id":"https:\/\/f5tci.com\/#\/schema\/logo\/image\/","url":"https:\/\/www.f5tci.com\/wp-content\/uploads\/2021\/02\/20-anos-f5tci.png","contentUrl":"https:\/\/www.f5tci.com\/wp-content\/uploads\/2021\/02\/20-anos-f5tci.png","width":2347,"height":472,"caption":"F5tci"},"image":{"@id":"https:\/\/f5tci.com\/#\/schema\/logo\/image\/"},"sameAs":["https:\/\/www.linkedin.com\/company\/f5---tecnologias-de-comunica\u00e7\u00e3o-e-informa\u00e7\u00e3o-lda\/"]}]}},"_links":{"self":[{"href":"https:\/\/f5tci.com\/en\/wp-json\/wp\/v2\/pages\/15112"}],"collection":[{"href":"https:\/\/f5tci.com\/en\/wp-json\/wp\/v2\/pages"}],"about":[{"href":"https:\/\/f5tci.com\/en\/wp-json\/wp\/v2\/types\/page"}],"author":[{"embeddable":true,"href":"https:\/\/f5tci.com\/en\/wp-json\/wp\/v2\/users\/2"}],"replies":[{"embeddable":true,"href":"https:\/\/f5tci.com\/en\/wp-json\/wp\/v2\/comments?post=15112"}],"version-history":[{"count":0,"href":"https:\/\/f5tci.com\/en\/wp-json\/wp\/v2\/pages\/15112\/revisions"}],"wp:attachment":[{"href":"https:\/\/f5tci.com\/en\/wp-json\/wp\/v2\/media?parent=15112"}],"curies":[{"name":"wp","href":"https:\/\/api.w.org\/{rel}","templated":true}]}}