{"id":15102,"date":"2020-11-12T15:36:14","date_gmt":"2020-11-12T15:36:14","guid":{"rendered":"https:\/\/www.f5tci.com\/?page_id=15102"},"modified":"2026-02-12T15:40:15","modified_gmt":"2026-02-12T15:40:15","slug":"consultoria","status":"publish","type":"page","link":"https:\/\/f5tci.com\/en\/consultoria\/","title":{"rendered":"Consulting"},"content":{"rendered":"<div  class=\"vc_row wpb_row vc_row-fluid\"><div class=\"wpb_column vc_column_container vc_col-sm-12\"><div class=\"vc_column-inner\"><div class=\"wpb_wrapper\"><div  class =\"integrio_module_spacing\"><div class=\"spacing_size spacing_size-initial\" style=\"height:70px;\"><\/div><\/div>  \n<\/div><\/div><\/div><\/div><div  class=\"vc_row wpb_row vc_row-fluid\"><div class=\"wpb_column vc_column_container vc_col-sm-12\"><div class=\"vc_column-inner\"><div class=\"wpb_wrapper\"><div id=\"integrio_dbl_69d4a589ba36f\" class=\"integrio_module_double_headings acenter\"><div class=\"heading_title\"  style=\"font-size:42px; line-height:1.238; color:#1884a5; \"><h2>Qlik Consulting<\/h2><\/div><\/div>  \n<div  class =\"integrio_module_spacing\"><div class=\"spacing_size spacing_size-initial\" style=\"height:30px;\"><\/div><\/div>  \n<div  class =\"integrio_module_spacing\"><div class=\"spacing_size spacing_size-initial\" style=\"height:30px;\"><\/div><\/div>  \n<\/div><\/div><\/div><\/div><div  class=\"vc_row wpb_row vc_row-fluid\"><div class=\"wpb_column vc_column_container vc_col-sm-12\"><div class=\"vc_column-inner\"><div class=\"wpb_wrapper\">\n\t<div class=\"wpb_text_column wpb_content_element\" >\n\t\t<div class=\"wpb_wrapper\">\n\t\t\t<p style=\"text-align: center;\">Our consultants have the necessary knowledge to develop the best solutions to simplify <strong>the processing, analysis and visualization of your data<\/strong>. We help you design and develop internal projects to solve problems and achieve goals. In addition, we support the implementation of a <strong>data-driven culture<\/strong>, through personalized training services using your company's data.<\/p>\n\n\t\t<\/div>\n\t<\/div>\n<div  class =\"integrio_module_spacing\"><div class=\"spacing_size spacing_size-initial\" style=\"height:30px;\"><\/div><\/div>  \n<\/div><\/div><\/div><\/div><div  class=\"vc_row wpb_row vc_row-fluid\"><div class=\"wpb_column vc_column_container vc_col-sm-12\"><div class=\"vc_column-inner\"><div class=\"wpb_wrapper\"><div  class =\"integrio_module_spacing\"><div class=\"spacing_size spacing_size-initial\" style=\"height:60px;\"><\/div><\/div>  \n<div  class =\"integrio_module_spacing\"><div class=\"spacing_size spacing_size-initial\" style=\"height:60px;\"><\/div><\/div>  \n<div id=\"integrio_dbl_69d4a589bc5bc\" class=\"integrio_module_double_headings acenter\"><div class=\"heading_title\"  style=\"font-size:42px; line-height:1.238; color:#1884a5; \"><h5>How can we help you<\/h5><\/div><\/div>  \n<div  class =\"integrio_module_spacing\"><div class=\"spacing_size spacing_size-initial\" style=\"height:30px;\"><\/div><\/div>  \n<\/div><\/div><\/div><\/div><div  class=\"vc_row wpb_row vc_row-fluid\"><div class=\"wpb_column vc_column_container vc_col-sm-12\"><div class=\"vc_column-inner\"><div class=\"wpb_wrapper\"><div  class =\"integrio_module_spacing\"><div class=\"spacing_size spacing_size-initial\" style=\"height:30px;\"><\/div><\/div>  \n<\/div><\/div><\/div><\/div><div  class=\"vc_row wpb_row vc_row-fluid\"><div class=\"wpb_column vc_column_container vc_col-sm-1\"><div class=\"vc_column-inner\"><div class=\"wpb_wrapper\"><\/div><\/div><\/div><div class=\"wpb_column vc_column_container vc_col-sm-5\"><div class=\"vc_column-inner\"><div class=\"wpb_wrapper\"><div class=\"vc_message_box vc_message_box-standard vc_message_box-rounded vc_color-peacoc vc_custom_1613556950879\" ><div class=\"vc_message_box-icon\"><i class=\"typcn typcn-media-record\"><\/i><\/div><p>Industry Solution Design<\/p>\n<\/div><div class=\"vc_message_box vc_message_box-standard vc_message_box-rounded vc_color-peacoc vc_custom_1613556964878\" ><div class=\"vc_message_box-icon\"><i class=\"typcn typcn-media-record\"><\/i><\/div><p>Data Literacy<\/p>\n<\/div><div class=\"vc_message_box vc_message_box-standard vc_message_box-rounded vc_color-peacoc vc_custom_1613556986994\" ><div class=\"vc_message_box-icon\"><i class=\"typcn typcn-media-record\"><\/i><\/div><p><span>Data Modeling<\/span><\/p>\n<\/div><div class=\"vc_message_box vc_message_box-standard vc_message_box-rounded vc_color-peacoc vc_custom_1613556998724\" ><div class=\"vc_message_box-icon\"><i class=\"typcn typcn-media-record\"><\/i><\/div><p><span>Data Quality &amp; Management<\/span><\/p>\n<\/div><div class=\"vc_message_box vc_message_box-standard vc_message_box-rounded vc_color-peacoc vc_custom_1614269573847\" ><div class=\"vc_message_box-icon\"><i class=\"typcn typcn-media-record\"><\/i><\/div><p><span>Big Data<\/span><\/p>\n<\/div><div class=\"vc_message_box vc_message_box-standard vc_message_box-rounded vc_color-peacoc vc_custom_1743159313615\" ><div class=\"vc_message_box-icon\"><i class=\"typcn typcn-media-record\"><\/i><\/div><p><span>AI Adoption<\/span><\/p>\n<\/div><\/div><\/div><\/div><div class=\"wpb_column vc_column_container vc_col-sm-5\"><div class=\"vc_column-inner\"><div class=\"wpb_wrapper\"><div class=\"vc_message_box vc_message_box-standard vc_message_box-rounded vc_color-peacoc vc_custom_1613557022872\" ><div class=\"vc_message_box-icon\"><i class=\"typcn typcn-media-record\"><\/i><\/div><p><span>UI Design<\/span><\/p>\n<\/div><div class=\"vc_message_box vc_message_box-standard vc_message_box-rounded vc_color-peacoc vc_custom_1614267201381\" ><div class=\"vc_message_box-icon\"><i class=\"typcn typcn-media-record\"><\/i><\/div><p><span>Mashups<\/span><\/p>\n<\/div><div class=\"vc_message_box vc_message_box-standard vc_message_box-rounded vc_color-peacoc vc_custom_1614267223637\" ><div class=\"vc_message_box-icon\"><i class=\"typcn typcn-media-record\"><\/i><\/div><p><span>Embedded Analytics<\/span><\/p>\n<\/div><div class=\"vc_message_box vc_message_box-standard vc_message_box-rounded vc_color-peacoc vc_custom_1613557062420\" ><div class=\"vc_message_box-icon\"><i class=\"typcn typcn-media-record\"><\/i><\/div><p><span>Advanced Analytics<\/span><\/p>\n<\/div><div class=\"vc_message_box vc_message_box-standard vc_message_box-rounded vc_color-peacoc vc_custom_1743159348795\" ><div class=\"vc_message_box-icon\"><i class=\"typcn typcn-media-record\"><\/i><\/div><p><span>Data Engineering<\/span><\/p>\n<\/div><div class=\"vc_message_box vc_message_box-standard vc_message_box-rounded vc_color-peacoc vc_custom_1743159384017\" ><div class=\"vc_message_box-icon\"><i class=\"typcn typcn-media-record\"><\/i><\/div><p><span>BI Platform Migrations<\/span><\/p>\n<\/div><\/div><\/div><\/div><div class=\"wpb_column vc_column_container vc_col-sm-1\"><div class=\"vc_column-inner\"><div class=\"wpb_wrapper\"><\/div><\/div><\/div><\/div><div  class=\"vc_row wpb_row vc_row-fluid\"><div class=\"wpb_column vc_column_container vc_col-sm-12\"><div class=\"vc_column-inner\"><div class=\"wpb_wrapper\"><div  class =\"integrio_module_spacing\"><div class=\"spacing_size spacing_size-initial\" style=\"height:30px;\"><\/div><\/div>  \n<div id=\"integrio_button_69d4a589cb7b2\" class=\"integrio_module_button wgl_button wgl_button-l wgl_button-icon_right btn-gradient acenter\"><a class=\"wgl_button_link\" href=\"https:\/\/f5tci.com\/en\/contacts\/\" title='Contacts'>Contact Us<i class=\"wgl_button-icon flaticon-right-arrow\" ><\/i><span class=\"btn_border_gradient\"><\/span><\/a><\/div>\n<div  class =\"integrio_module_spacing\"><div class=\"spacing_size spacing_size-initial\" style=\"height:30px;\"><\/div><\/div>  \n<\/div><\/div><\/div><\/div>","protected":false},"excerpt":{"rendered":"Consultoria Especializada Os nossos consultores t\u00eam o conhecimento necess\u00e1rio que lhes permite desenvolver as melhores solu\u00e7\u00f5es para simplificar o tratamento, an\u00e1lise e visualiza\u00e7\u00e3o dos seus dados.\u00a0Ajudamo-lo a desenhar e desenvolver projetos internos para solucionar problemas e atingir objetivos. Adicionalmente, apoiamos a implementa\u00e7\u00e3o de uma cultura data-driven, atrav\u00e9s de servi\u00e7os de forma\u00e7\u00e3o personalizados e com recurso [...]","protected":false},"author":2,"featured_media":0,"parent":0,"menu_order":0,"comment_status":"closed","ping_status":"closed","template":"","meta":{"footnotes":""},"class_list":["post-15102","page","type-page","status-publish","hentry"],"yoast_head":"<!-- This site is optimized with the Yoast SEO plugin v22.0 - https:\/\/yoast.com\/wordpress\/plugins\/seo\/ -->\n<title>F5tci Consultoria - solu\u00e7\u00f5es de Business Intelligence &amp; Analytics Qlik\u00ae<\/title>\n<meta name=\"description\" content=\"Consultoria especializada em Data Analytics &amp; AI, com recurso \u00e0s plataformas Microsoft e Qlik.\" \/>\n<meta name=\"robots\" content=\"index, follow, max-snippet:-1, max-image-preview:large, max-video-preview:-1\" \/>\n<link rel=\"canonical\" href=\"https:\/\/www.f5tci.com\/en\/consultoria\/\" \/>\n<meta property=\"og:locale\" content=\"en_GB\" \/>\n<meta property=\"og:type\" content=\"article\" \/>\n<meta property=\"og:title\" content=\"F5tci Consultoria - solu\u00e7\u00f5es de Business Intelligence &amp; Analytics Qlik\u00ae\" \/>\n<meta property=\"og:description\" content=\"Consultoria especializada em Data Analytics &amp; AI, com recurso \u00e0s plataformas Microsoft e Qlik.\" \/>\n<meta property=\"og:url\" content=\"https:\/\/www.f5tci.com\/en\/consultoria\/\" \/>\n<meta property=\"og:site_name\" content=\"F5tci\" \/>\n<meta property=\"article:modified_time\" content=\"2026-02-12T15:40:15+00:00\" \/>\n<meta name=\"twitter:card\" content=\"summary_large_image\" \/>\n<meta name=\"twitter:label1\" content=\"Estimated reading time\" \/>\n\t<meta name=\"twitter:data1\" content=\"2 minutes\" \/>\n<script type=\"application\/ld+json\" class=\"yoast-schema-graph\">{\"@context\":\"https:\/\/schema.org\",\"@graph\":[{\"@type\":\"WebPage\",\"@id\":\"https:\/\/www.f5tci.com\/en\/consultoria\/\",\"url\":\"https:\/\/www.f5tci.com\/en\/consultoria\/\",\"name\":\"F5tci Consultoria - solu\u00e7\u00f5es de Business Intelligence & Analytics Qlik\u00ae\",\"isPartOf\":{\"@id\":\"https:\/\/www.f5tci.com\/#website\"},\"datePublished\":\"2020-11-12T15:36:14+00:00\",\"dateModified\":\"2026-02-12T15:40:15+00:00\",\"description\":\"Consultoria especializada em Data Analytics & AI, com recurso \u00e0s plataformas Microsoft e Qlik.\",\"breadcrumb\":{\"@id\":\"https:\/\/www.f5tci.com\/en\/consultoria\/#breadcrumb\"},\"inLanguage\":\"en-GB\",\"potentialAction\":[{\"@type\":\"ReadAction\",\"target\":[\"https:\/\/www.f5tci.com\/en\/consultoria\/\"]}]},{\"@type\":\"BreadcrumbList\",\"@id\":\"https:\/\/www.f5tci.com\/en\/consultoria\/#breadcrumb\",\"itemListElement\":[{\"@type\":\"ListItem\",\"position\":1,\"name\":\"In\u00edcio\",\"item\":\"https:\/\/www.f5tci.com\/\"},{\"@type\":\"ListItem\",\"position\":2,\"name\":\"Consultoria\"}]},{\"@type\":\"WebSite\",\"@id\":\"https:\/\/www.f5tci.com\/#website\",\"url\":\"https:\/\/www.f5tci.com\/\",\"name\":\"F5tci\",\"description\":\"Information For All\",\"publisher\":{\"@id\":\"https:\/\/www.f5tci.com\/#organization\"},\"potentialAction\":[{\"@type\":\"SearchAction\",\"target\":{\"@type\":\"EntryPoint\",\"urlTemplate\":\"https:\/\/www.f5tci.com\/?s={search_term_string}\"},\"query-input\":\"required name=search_term_string\"}],\"inLanguage\":\"en-GB\"},{\"@type\":\"Organization\",\"@id\":\"https:\/\/www.f5tci.com\/#organization\",\"name\":\"F5tci\",\"url\":\"https:\/\/www.f5tci.com\/\",\"logo\":{\"@type\":\"ImageObject\",\"inLanguage\":\"en-GB\",\"@id\":\"https:\/\/www.f5tci.com\/#\/schema\/logo\/image\/\",\"url\":\"https:\/\/www.f5tci.com\/wp-content\/uploads\/2021\/02\/20-anos-f5tci.png\",\"contentUrl\":\"https:\/\/www.f5tci.com\/wp-content\/uploads\/2021\/02\/20-anos-f5tci.png\",\"width\":2347,\"height\":472,\"caption\":\"F5tci\"},\"image\":{\"@id\":\"https:\/\/www.f5tci.com\/#\/schema\/logo\/image\/\"},\"sameAs\":[\"https:\/\/www.linkedin.com\/company\/f5---tecnologias-de-comunica\u00e7\u00e3o-e-informa\u00e7\u00e3o-lda\/\"]}]}<\/script>\n<!-- \/ Yoast SEO plugin. -->","yoast_head_json":{"title":"F5tci Consultoria - solu\u00e7\u00f5es de Business Intelligence & Analytics Qlik\u00ae","description":"Consultoria especializada em Data Analytics & AI, com recurso \u00e0s plataformas Microsoft e Qlik.","robots":{"index":"index","follow":"follow","max-snippet":"max-snippet:-1","max-image-preview":"max-image-preview:large","max-video-preview":"max-video-preview:-1"},"canonical":"https:\/\/www.f5tci.com\/en\/consultoria\/","og_locale":"en_GB","og_type":"article","og_title":"F5tci Consultoria - solu\u00e7\u00f5es de Business Intelligence & Analytics Qlik\u00ae","og_description":"Consultoria especializada em Data Analytics & AI, com recurso \u00e0s plataformas Microsoft e Qlik.","og_url":"https:\/\/www.f5tci.com\/en\/consultoria\/","og_site_name":"F5tci","article_modified_time":"2026-02-12T15:40:15+00:00","twitter_card":"summary_large_image","twitter_misc":{"Estimated reading time":"2 minutes"},"schema":{"@context":"https:\/\/schema.org","@graph":[{"@type":"WebPage","@id":"https:\/\/www.f5tci.com\/en\/consultoria\/","url":"https:\/\/www.f5tci.com\/en\/consultoria\/","name":"F5tci Consultoria - solu\u00e7\u00f5es de Business Intelligence & Analytics Qlik\u00ae","isPartOf":{"@id":"https:\/\/www.f5tci.com\/#website"},"datePublished":"2020-11-12T15:36:14+00:00","dateModified":"2026-02-12T15:40:15+00:00","description":"Consultoria especializada em Data Analytics & AI, com recurso \u00e0s plataformas Microsoft e Qlik.","breadcrumb":{"@id":"https:\/\/www.f5tci.com\/en\/consultoria\/#breadcrumb"},"inLanguage":"en-GB","potentialAction":[{"@type":"ReadAction","target":["https:\/\/www.f5tci.com\/en\/consultoria\/"]}]},{"@type":"BreadcrumbList","@id":"https:\/\/www.f5tci.com\/en\/consultoria\/#breadcrumb","itemListElement":[{"@type":"ListItem","position":1,"name":"In\u00edcio","item":"https:\/\/www.f5tci.com\/"},{"@type":"ListItem","position":2,"name":"Consultoria"}]},{"@type":"WebSite","@id":"https:\/\/www.f5tci.com\/#website","url":"https:\/\/www.f5tci.com\/","name":"F5tci","description":"Information For All","publisher":{"@id":"https:\/\/www.f5tci.com\/#organization"},"potentialAction":[{"@type":"SearchAction","target":{"@type":"EntryPoint","urlTemplate":"https:\/\/www.f5tci.com\/?s={search_term_string}"},"query-input":"required name=search_term_string"}],"inLanguage":"en-GB"},{"@type":"Organization","@id":"https:\/\/www.f5tci.com\/#organization","name":"F5tci","url":"https:\/\/www.f5tci.com\/","logo":{"@type":"ImageObject","inLanguage":"en-GB","@id":"https:\/\/www.f5tci.com\/#\/schema\/logo\/image\/","url":"https:\/\/www.f5tci.com\/wp-content\/uploads\/2021\/02\/20-anos-f5tci.png","contentUrl":"https:\/\/www.f5tci.com\/wp-content\/uploads\/2021\/02\/20-anos-f5tci.png","width":2347,"height":472,"caption":"F5tci"},"image":{"@id":"https:\/\/www.f5tci.com\/#\/schema\/logo\/image\/"},"sameAs":["https:\/\/www.linkedin.com\/company\/f5---tecnologias-de-comunica\u00e7\u00e3o-e-informa\u00e7\u00e3o-lda\/"]}]}},"_links":{"self":[{"href":"https:\/\/f5tci.com\/en\/wp-json\/wp\/v2\/pages\/15102"}],"collection":[{"href":"https:\/\/f5tci.com\/en\/wp-json\/wp\/v2\/pages"}],"about":[{"href":"https:\/\/f5tci.com\/en\/wp-json\/wp\/v2\/types\/page"}],"author":[{"embeddable":true,"href":"https:\/\/f5tci.com\/en\/wp-json\/wp\/v2\/users\/2"}],"replies":[{"embeddable":true,"href":"https:\/\/f5tci.com\/en\/wp-json\/wp\/v2\/comments?post=15102"}],"version-history":[{"count":2,"href":"https:\/\/f5tci.com\/en\/wp-json\/wp\/v2\/pages\/15102\/revisions"}],"predecessor-version":[{"id":19346,"href":"https:\/\/f5tci.com\/en\/wp-json\/wp\/v2\/pages\/15102\/revisions\/19346"}],"wp:attachment":[{"href":"https:\/\/f5tci.com\/en\/wp-json\/wp\/v2\/media?parent=15102"}],"curies":[{"name":"wp","href":"https:\/\/api.w.org\/{rel}","templated":true}]}}